{"id":258,"date":"2025-06-30T11:28:03","date_gmt":"2025-06-30T09:28:03","guid":{"rendered":"https:\/\/latropicana.novologic.eu\/aviso-legal\/"},"modified":"2025-11-13T15:56:37","modified_gmt":"2025-11-13T14:56:37","slug":"aviso-legal","status":"publish","type":"page","link":"https:\/\/campinglatropicana.com\/de\/aviso-legal\/","title":{"rendered":"Rechtlicher Hinweis"},"content":{"rendered":"\t\t<div data-elementor-type=\"wp-page\" data-elementor-id=\"258\" class=\"elementor elementor-258 elementor-29\" data-elementor-post-type=\"page\">\n\t\t\t\t<div class=\"elementor-element elementor-element-21af1951 e-flex e-con-boxed e-con e-parent\" data-id=\"21af1951\" data-element_type=\"container\">\n\t\t\t\t\t<div class=\"e-con-inner\">\n\t\t\t\t<div class=\"elementor-element elementor-element-7790eeb4 elementor-widget elementor-widget-heading\" data-id=\"7790eeb4\" data-element_type=\"widget\" data-widget_type=\"heading.default\">\n\t\t\t\t\t<h2 class=\"elementor-heading-title elementor-size-default\">Rechtlicher Hinweis<\/h2>\t\t\t\t<\/div>\n\t\t\t\t<div class=\"elementor-element elementor-element-22f123df elementor-widget__width-initial elementor-widget elementor-widget-text-editor\" data-id=\"22f123df\" data-element_type=\"widget\" data-widget_type=\"text-editor.default\">\n\t\t\t\t\t\t\t\t\t<p>Gem\u00e4\u00df Artikel 10 des Gesetzes 34\/2002 vom 11. Juli \u00fcber Dienste der Informationsgesellschaft und des elektronischen Gesch\u00e4ftsverkehrs teilen wir Ihnen mit, dass der Inhaber der Website campinglatropicana.com die DARAMAR 98 SL mit der NIF B12488052 und dem Sitz in Camino L&#8217;atall s\/n ist. Alcocebre (12579), Castell\u00f3n<\/p><p>Nutzer der Website k\u00f6nnen mit den Betreibern von campinglatropicana.com in Kontakt treten, indem sie eine E-Mail an <a href=\"mailto:davidmalva13@hotmail.com\">davidmalva13@hotmail.com<\/a> senden oder unter der Nummer 964413105 anrufen.<\/p><p><strong>NUTZUNG UND ANNAHME DER WEBSITE<\/strong><br>Der Zugriff auf und\/oder die Nutzung der Website campinglatropicana.com verleiht dem Nutzer den Status eines Nutzers und impliziert die uneingeschr\u00e4nkte Zustimmung des Nutzers zu s\u00e4mtlichen Bedingungen dieses Rechtshinweises.<\/p><p>Der Inhalt dieses Rechtshinweises kann sich \u00e4ndern. Bei jedem Zugriff auf die Website muss der Nutzer diese rechtlichen Hinweise sorgf\u00e4ltig lesen.<br>Der Zugriff auf die Website campinglatropicana.com unterliegt au\u00dferdem allen Hinweisen, Nutzungsbedingungen und Anweisungen, die dem Nutzer von campinglatropicana.com bereitgestellt werden und die diese rechtlichen Hinweise ersetzen, erg\u00e4nzen und\/oder ab\u00e4ndern k\u00f6nnen.<\/p><p><strong>ALLGEMEINE GESCH\u00c4FTSBEDINGUNGEN<\/strong><br>Der Nutzer verpflichtet sich, die auf der Website angebotenen Dienste und Inhalte in \u00dcbereinstimmung mit geltendem Recht, Treu und Glauben sowie allgemein anerkannten Gesch\u00e4ftspraktiken zu nutzen und durch sein Handeln auf der Website nicht gegen geltendes Recht zu versto\u00dfen. Daher ist jede Nutzung zu ungesetzlichen Zwecken oder zur Sch\u00e4digung Dritter in irgendeiner Weise verboten.<\/p><p>Der Nutzer garantiert die Echtheit und Richtigkeit aller beim Ausf\u00fcllen des Formulars angegebenen personenbezogenen Daten. Der Nutzer erkl\u00e4rt sich damit einverstanden und ist daf\u00fcr verantwortlich, alle angegebenen Informationen jederzeit aktuell und korrekt zu halten. Die Verarbeitung der vom Nutzer bereitgestellten personenbezogenen Daten erfolgt durch campinglatropicana.com gem\u00e4\u00df der auf dieser Website enthaltenen Datenschutzrichtlinie.<\/p><p>Der Nutzer tr\u00e4gt die alleinige Verantwortung f\u00fcr die Nutzung dieser Website und f\u00fcr die vollst\u00e4ndige Einhaltung dieser allgemeinen Gesch\u00e4ftsbedingungen. Folglich ist der Nutzer verpflichtet, seine Zugangsschl\u00fcssel, Passw\u00f6rter oder \u00e4hnliche Daten, die ihm f\u00fcr den Zugriff auf die von campinglatropicana.com angebotenen Dienste zugewiesen sind, als vertrauliche und gesch\u00fctzte Informationen geheim zu halten und haftet f\u00fcr alle Sch\u00e4den und Verluste jeglicher Art, die durch Missbrauch durch ihn selbst oder Dritte entstehen.<\/p><p>campinglatropicana.com \u00fcbernimmt unter keinen Umst\u00e4nden Garantie oder Haftung f\u00fcr die folgenden Ereignisse und Inhalte sowie f\u00fcr daraus entstehende Sch\u00e4den:<br>\u2022 Fehlende Verf\u00fcgbarkeit, Unterbrechung, Zugriff, Wartung und einwandfreier Betrieb der Website oder ihrer Dienste sowie die Aktualit\u00e4t, Genauigkeit, Vollst\u00e4ndigkeit oder Relevanz ihrer Inhalte, unabh\u00e4ngig von der Ursache, und jegliche technische oder sonstige Schwierigkeiten oder Probleme, die zu den genannten Ereignissen f\u00fchren k\u00f6nnen.<br>\u2022 Die \u00dcbertragung und\/oder das Vorhandensein von Viren, anderen Elementen oder Programmen, die f\u00fcr die Ger\u00e4te der Benutzer sch\u00e4dlich sind und diese infolge des Zugriffs, der Nutzung oder der Untersuchung der Website beeintr\u00e4chtigen oder Ver\u00e4nderungen an ihren elektronischen Dokumenten oder Dateien hervorrufen k\u00f6nnten.<br>\u2022 Von der unrechtm\u00e4\u00dfigen, fahrl\u00e4ssigen, betr\u00fcgerischen Nutzung, der Vort\u00e4uschung der Identit\u00e4t eines Dritten oder der Nutzung entgegen dem Inhalt dieser Allgemeinen Gesch\u00e4ftsbedingungen, dem guten Glauben, den allgemein anerkannten Gepflogenheiten oder der \u00f6ffentlichen Ordnung der Website, ihrer Dienste und Inhalte durch die Nutzer.<br>\u2022 Zur Kenntnisnahme von Informationen, die unbefugte Dritte \u00fcber die Merkmale und Umst\u00e4nde der Nutzung der Inhalte und Dienste besitzen oder verwenden k\u00f6nnten <span style=\"font-style: inherit; font-weight: inherit;\">campinglatropicana.com von Nutzern.<\/span><\/p><p>Asimismo, queda prohibida la reproducci\u00f3n, distribuci\u00f3n, transmisi\u00f3n, adaptaci\u00f3n o modificaci\u00f3n, por cualquier medio y en cualquier forma, de los contenidos de la p\u00e1gina web (textos, dise\u00f1os, gr\u00e1ficos, informaciones, bases de datos, logos,\u2026) y dem\u00e1s elementos de este sitio, salvo autorizaci\u00f3n previa de sus leg\u00edtimos titulares o cuando as\u00ed resulte permitido por la ley.<\/p><p>Die obige Liste dient lediglich der Veranschaulichung und ist in keinem Fall in Bezug auf ihre Punkte abschlie\u00dfend oder ausschlie\u00dfend.<\/p><p>In jedem Fall beh\u00e4lt sich campinglatropicana.com das Recht vor, Benutzern den Zugang zu dieser Website zu verweigern, die gegen eine dieser allgemeinen Bedingungen oder gegen f\u00fcr sie geltende spezifische Bedingungen versto\u00dfen.<\/p><p><strong>DATENSCHUTZRICHTLINIE<\/strong><br>Die personenbezogenen Daten, die der Nutzer \u00fcber Formulare auf dieser Website zur Anmeldung f\u00fcr einen Dienst oder zum Kauf eines Produkts angibt, k\u00f6nnen in eine Kundendatei aufgenommen werden, deren Verantwortlicher campinglatropicana.com ist. Die Datei befindet sich auf den Computersystemen des Verantwortlichen f\u00fcr die Datenverarbeitung.<br>Der Kunde bzw. sein gesetzlicher Vertreter hat das Recht, die Datei einzusehen, zu berichtigen oder zu l\u00f6schen (Anweisung 1\/2000 der spanischen Datenschutzbeh\u00f6rde vom 1. Dezember). Um dieses Recht auszu\u00fcben, k\u00f6nnen Sie eine Nachricht an <a href=\"mailto:davidmalva13@hotmail.com\">davidmalva13@hotmail.com<\/a> senden oder unter 964413105 anrufen.<\/p><p>Die von den Nutzern angegebenen personenbezogenen Daten werden korrekt und auf dem neuesten Stand gehalten, sodass sie die aktuelle Situation der betroffenen Person wahrheitsgem\u00e4\u00df widerspiegeln. Daher ist der Nutzer f\u00fcr die Richtigkeit und Vollst\u00e4ndigkeit der angegebenen personenbezogenen Daten verantwortlich und muss jegliche \u00c4nderungen, die sich zuk\u00fcnftig ergeben, unverz\u00fcglich mitteilen. campinglatropicana.com wird die erhobenen personenbezogenen Daten l\u00f6schen, sobald diese f\u00fcr den Zweck, f\u00fcr den sie erhoben oder gespeichert wurden, nicht mehr erforderlich oder relevant sind. Die L\u00f6schung f\u00fchrt zur Sperrung der Daten, die ausschlie\u00dflich \u00f6ffentlichen Verwaltungen, Richtern und Gerichten zur Verf\u00fcgung stehen, um etwaige Haftungsanspr\u00fcche aus der Verarbeitung zu kl\u00e4ren, und zwar f\u00fcr die Dauer der Verj\u00e4hrungsfrist. Nach Ablauf der vorgenannten Frist werden Ihre personenbezogenen Daten gel\u00f6scht.<\/p><p>In \u00dcbereinstimmung mit den geltenden Vorschriften hat die verantwortliche Stelle die notwendigen Ma\u00dfnahmen und Techniken ergriffen, um das erforderliche Sicherheitsniveau hinsichtlich der verarbeiteten personenbezogenen Daten aufrechtzuerhalten. Es verf\u00fcgt au\u00dferdem \u00fcber die notwendigen Mittel, um unbefugten Zugriff, Diebstahl, unrechtm\u00e4\u00dfige \u00c4nderung und Datenverlust so weit wie m\u00f6glich zu verhindern.<\/p><p><strong>RECHTSWIRTSCHAFT UND GERICHTSSTAND<\/strong><br>F\u00fcr diesen Rechtshinweis gilt spanisches Recht und der zust\u00e4ndige Gerichtsstand.<\/p><p>Die Website campinglatropicana.com verwendet Cookies, um Ihnen einen pers\u00f6nlicheren Service zu bieten und das Surfen auf den Seiten einfacher und besser auf Ihre Bed\u00fcrfnisse abgestimmt zu gestalten.<br>Ein Cookie ist eine kleine Textdatei, die ein Webserver auf der Festplatte des Nutzers speichert. Cookies k\u00f6nnen eine Person nicht identifizieren, da sie keine personenbezogenen Daten enthalten. Die meisten Browser akzeptieren Cookies automatisch, man kann sie aber auch so konfigurieren, dass sie blockiert werden. Nutzer k\u00f6nnen jederzeit \u00fcber ihre Browsereinstellungen festlegen, welche Cookies sie auf dieser Website zulassen m\u00f6chten.<br>Es gibt Online-Tools von Drittanbietern, mit denen Nutzer Cookies auf jeder besuchten Website erkennen und deren Deaktivierung verwalten k\u00f6nnen. campinglatropicana.com \u00fcbernimmt jedoch keine Verantwortung, falls die Deaktivierung von Cookies die ordnungsgem\u00e4\u00dfe Funktion der Website beeintr\u00e4chtigt.<\/p><p><strong>AUF DIESER WEBSITE VERWENDETE COOKIES<\/strong><\/p><p>Gem\u00e4\u00df den Richtlinien der spanischen Datenschutzbeh\u00f6rde erl\u00e4utern wir im Folgenden die Verwendung von Cookies auf dieser Website.<\/p><p>Diese Website verwendet folgende Cookies von Drittanbietern:<\/p><ul><li>Google Analytics: Speichert Cookies, um Statistiken \u00fcber Website-Traffic und Besucherzahlen zu erstellen. Durch die Nutzung dieser Website erkl\u00e4ren Sie sich mit der Verarbeitung Ihrer Daten durch Google einverstanden. Daher m\u00fcssen alle diesbez\u00fcglichen Rechte durch direkte Kommunikation mit Google ausge\u00fcbt werden.<\/li><li>Google Maps: Speichert Cookies f\u00fcr die Geolokalisierung.<\/li><li>Soziale Netzwerke: Jedes soziale Netzwerk verwendet seine eigenen Cookies, damit Sie Schaltfl\u00e4chen wie \u201eGef\u00e4llt mir\u201c oder \u201eTeilen\u201c anklicken k\u00f6nnen.<\/li><\/ul>\t\t\t\t\t\t\t\t<\/div>\n\t\t\t\t\t<\/div>\n\t\t\t\t<\/div>\n\t\t\t\t<\/div>\n\t\t","protected":false},"excerpt":{"rendered":"<p>Rechtlicher Hinweis Gem\u00e4\u00df Artikel 10 des Gesetzes 34\/2002 vom 11. Juli \u00fcber Dienste der Informationsgesellschaft und des elektronischen Gesch\u00e4ftsverkehrs teilen [&hellip;]<\/p>\n","protected":false},"author":1,"featured_media":0,"parent":0,"menu_order":0,"comment_status":"closed","ping_status":"closed","template":"","meta":{"site-sidebar-layout":"no-sidebar","site-content-layout":"","ast-site-content-layout":"full-width-container","site-content-style":"default","site-sidebar-style":"default","ast-global-header-display":"","ast-banner-title-visibility":"","ast-main-header-display":"","ast-hfb-above-header-display":"","ast-hfb-below-header-display":"","ast-hfb-mobile-header-display":"","site-post-title":"disabled","ast-breadcrumbs-content":"","ast-featured-img":"disabled","footer-sml-layout":"","theme-transparent-header-meta":"default","adv-header-id-meta":"","stick-header-meta":"","header-above-stick-meta":"","header-main-stick-meta":"","header-below-stick-meta":"","astra-migrate-meta-layouts":"default","ast-page-background-enabled":"default","ast-page-background-meta":{"desktop":{"background-color":"var(--ast-global-color-5)","background-image":"","background-repeat":"repeat","background-position":"center center","background-size":"auto","background-attachment":"scroll","background-type":"","background-media":"","overlay-type":"","overlay-color":"","overlay-opacity":"","overlay-gradient":""},"tablet":{"background-color":"","background-image":"","background-repeat":"repeat","background-position":"center center","background-size":"auto","background-attachment":"scroll","background-type":"","background-media":"","overlay-type":"","overlay-color":"","overlay-opacity":"","overlay-gradient":""},"mobile":{"background-color":"","background-image":"","background-repeat":"repeat","background-position":"center center","background-size":"auto","background-attachment":"scroll","background-type":"","background-media":"","overlay-type":"","overlay-color":"","overlay-opacity":"","overlay-gradient":""}},"ast-content-background-meta":{"desktop":{"background-color":"var(--ast-global-color-4)","background-image":"","background-repeat":"repeat","background-position":"center center","background-size":"auto","background-attachment":"scroll","background-type":"","background-media":"","overlay-type":"","overlay-color":"","overlay-opacity":"","overlay-gradient":""},"tablet":{"background-color":"var(--ast-global-color-4)","background-image":"","background-repeat":"repeat","background-position":"center center","background-size":"auto","background-attachment":"scroll","background-type":"","background-media":"","overlay-type":"","overlay-color":"","overlay-opacity":"","overlay-gradient":""},"mobile":{"background-color":"var(--ast-global-color-4)","background-image":"","background-repeat":"repeat","background-position":"center center","background-size":"auto","background-attachment":"scroll","background-type":"","background-media":"","overlay-type":"","overlay-color":"","overlay-opacity":"","overlay-gradient":""}},"footnotes":""},"class_list":["post-258","page","type-page","status-publish","hentry"],"yoast_head":"<!-- This site is optimized with the Yoast SEO plugin v26.3 - https:\/\/yoast.com\/wordpress\/plugins\/seo\/ -->\n<title>Rechtlicher Hinweis | Restaurante La Tropicana<\/title>\n<meta name=\"robots\" content=\"index, follow, max-snippet:-1, max-image-preview:large, max-video-preview:-1\" \/>\n<link rel=\"canonical\" href=\"https:\/\/campinglatropicana.com\/de\/aviso-legal\/\" \/>\n<meta property=\"og:locale\" content=\"de_DE\" \/>\n<meta property=\"og:type\" content=\"article\" \/>\n<meta property=\"og:title\" content=\"Rechtlicher Hinweis | Restaurante La Tropicana\" \/>\n<meta property=\"og:description\" content=\"Rechtlicher Hinweis Gem\u00e4\u00df Artikel 10 des Gesetzes 34\/2002 vom 11. Juli \u00fcber Dienste der Informationsgesellschaft und des elektronischen Gesch\u00e4ftsverkehrs teilen [&hellip;]\" \/>\n<meta property=\"og:url\" content=\"https:\/\/campinglatropicana.com\/de\/aviso-legal\/\" \/>\n<meta property=\"og:site_name\" content=\"Restaurante La Tropicana\" \/>\n<meta property=\"article:modified_time\" content=\"2025-11-13T14:56:37+00:00\" \/>\n<meta name=\"twitter:card\" content=\"summary_large_image\" \/>\n<meta name=\"twitter:label1\" content=\"Gesch\u00e4tzte Lesezeit\" \/>\n\t<meta name=\"twitter:data1\" content=\"6\u00a0Minuten\" \/>\n<script type=\"application\/ld+json\" class=\"yoast-schema-graph\">{\"@context\":\"https:\/\/schema.org\",\"@graph\":[{\"@type\":\"WebPage\",\"@id\":\"https:\/\/campinglatropicana.com\/de\/aviso-legal\/\",\"url\":\"https:\/\/campinglatropicana.com\/de\/aviso-legal\/\",\"name\":\"Rechtlicher Hinweis | Restaurante La Tropicana\",\"isPartOf\":{\"@id\":\"https:\/\/campinglatropicana.com\/#website\"},\"datePublished\":\"2025-06-30T09:28:03+00:00\",\"dateModified\":\"2025-11-13T14:56:37+00:00\",\"breadcrumb\":{\"@id\":\"https:\/\/campinglatropicana.com\/de\/aviso-legal\/#breadcrumb\"},\"inLanguage\":\"de\",\"potentialAction\":[{\"@type\":\"ReadAction\",\"target\":[\"https:\/\/campinglatropicana.com\/de\/aviso-legal\/\"]}]},{\"@type\":\"BreadcrumbList\",\"@id\":\"https:\/\/campinglatropicana.com\/de\/aviso-legal\/#breadcrumb\",\"itemListElement\":[{\"@type\":\"ListItem\",\"position\":1,\"name\":\"Portada\",\"item\":\"https:\/\/campinglatropicana.com\/de\/start\/\"},{\"@type\":\"ListItem\",\"position\":2,\"name\":\"Rechtlicher Hinweis\"}]},{\"@type\":\"WebSite\",\"@id\":\"https:\/\/campinglatropicana.com\/#website\",\"url\":\"https:\/\/campinglatropicana.com\/\",\"name\":\"Restaurante La Tropicana\",\"description\":\"\",\"publisher\":{\"@id\":\"https:\/\/campinglatropicana.com\/#organization\"},\"potentialAction\":[{\"@type\":\"SearchAction\",\"target\":{\"@type\":\"EntryPoint\",\"urlTemplate\":\"https:\/\/campinglatropicana.com\/?s={search_term_string}\"},\"query-input\":{\"@type\":\"PropertyValueSpecification\",\"valueRequired\":true,\"valueName\":\"search_term_string\"}}],\"inLanguage\":\"de\"},{\"@type\":\"Organization\",\"@id\":\"https:\/\/campinglatropicana.com\/#organization\",\"name\":\"Restaurante La Tropicana\",\"url\":\"https:\/\/campinglatropicana.com\/\",\"logo\":{\"@type\":\"ImageObject\",\"inLanguage\":\"de\",\"@id\":\"https:\/\/campinglatropicana.com\/#\/schema\/logo\/image\/\",\"url\":\"https:\/\/campinglatropicana.com\/wp-content\/uploads\/2025\/11\/cropped-RESTAURANTE_LA_TROPICANA-removebg-preview.png\",\"contentUrl\":\"https:\/\/campinglatropicana.com\/wp-content\/uploads\/2025\/11\/cropped-RESTAURANTE_LA_TROPICANA-removebg-preview.png\",\"width\":512,\"height\":512,\"caption\":\"Restaurante La Tropicana\"},\"image\":{\"@id\":\"https:\/\/campinglatropicana.com\/#\/schema\/logo\/image\/\"}}]}<\/script>\n<!-- \/ Yoast SEO plugin. -->","yoast_head_json":{"title":"Rechtlicher Hinweis | Restaurante La Tropicana","robots":{"index":"index","follow":"follow","max-snippet":"max-snippet:-1","max-image-preview":"max-image-preview:large","max-video-preview":"max-video-preview:-1"},"canonical":"https:\/\/campinglatropicana.com\/de\/aviso-legal\/","og_locale":"de_DE","og_type":"article","og_title":"Rechtlicher Hinweis | Restaurante La Tropicana","og_description":"Rechtlicher Hinweis Gem\u00e4\u00df Artikel 10 des Gesetzes 34\/2002 vom 11. Juli \u00fcber Dienste der Informationsgesellschaft und des elektronischen Gesch\u00e4ftsverkehrs teilen [&hellip;]","og_url":"https:\/\/campinglatropicana.com\/de\/aviso-legal\/","og_site_name":"Restaurante La Tropicana","article_modified_time":"2025-11-13T14:56:37+00:00","twitter_card":"summary_large_image","twitter_misc":{"Gesch\u00e4tzte Lesezeit":"6\u00a0Minuten"},"schema":{"@context":"https:\/\/schema.org","@graph":[{"@type":"WebPage","@id":"https:\/\/campinglatropicana.com\/de\/aviso-legal\/","url":"https:\/\/campinglatropicana.com\/de\/aviso-legal\/","name":"Rechtlicher Hinweis | Restaurante La Tropicana","isPartOf":{"@id":"https:\/\/campinglatropicana.com\/#website"},"datePublished":"2025-06-30T09:28:03+00:00","dateModified":"2025-11-13T14:56:37+00:00","breadcrumb":{"@id":"https:\/\/campinglatropicana.com\/de\/aviso-legal\/#breadcrumb"},"inLanguage":"de","potentialAction":[{"@type":"ReadAction","target":["https:\/\/campinglatropicana.com\/de\/aviso-legal\/"]}]},{"@type":"BreadcrumbList","@id":"https:\/\/campinglatropicana.com\/de\/aviso-legal\/#breadcrumb","itemListElement":[{"@type":"ListItem","position":1,"name":"Portada","item":"https:\/\/campinglatropicana.com\/de\/start\/"},{"@type":"ListItem","position":2,"name":"Rechtlicher Hinweis"}]},{"@type":"WebSite","@id":"https:\/\/campinglatropicana.com\/#website","url":"https:\/\/campinglatropicana.com\/","name":"Restaurante La Tropicana","description":"","publisher":{"@id":"https:\/\/campinglatropicana.com\/#organization"},"potentialAction":[{"@type":"SearchAction","target":{"@type":"EntryPoint","urlTemplate":"https:\/\/campinglatropicana.com\/?s={search_term_string}"},"query-input":{"@type":"PropertyValueSpecification","valueRequired":true,"valueName":"search_term_string"}}],"inLanguage":"de"},{"@type":"Organization","@id":"https:\/\/campinglatropicana.com\/#organization","name":"Restaurante La Tropicana","url":"https:\/\/campinglatropicana.com\/","logo":{"@type":"ImageObject","inLanguage":"de","@id":"https:\/\/campinglatropicana.com\/#\/schema\/logo\/image\/","url":"https:\/\/campinglatropicana.com\/wp-content\/uploads\/2025\/11\/cropped-RESTAURANTE_LA_TROPICANA-removebg-preview.png","contentUrl":"https:\/\/campinglatropicana.com\/wp-content\/uploads\/2025\/11\/cropped-RESTAURANTE_LA_TROPICANA-removebg-preview.png","width":512,"height":512,"caption":"Restaurante La Tropicana"},"image":{"@id":"https:\/\/campinglatropicana.com\/#\/schema\/logo\/image\/"}}]}},"_links":{"self":[{"href":"https:\/\/campinglatropicana.com\/de\/wp-json\/wp\/v2\/pages\/258","targetHints":{"allow":["GET"]}}],"collection":[{"href":"https:\/\/campinglatropicana.com\/de\/wp-json\/wp\/v2\/pages"}],"about":[{"href":"https:\/\/campinglatropicana.com\/de\/wp-json\/wp\/v2\/types\/page"}],"author":[{"embeddable":true,"href":"https:\/\/campinglatropicana.com\/de\/wp-json\/wp\/v2\/users\/1"}],"replies":[{"embeddable":true,"href":"https:\/\/campinglatropicana.com\/de\/wp-json\/wp\/v2\/comments?post=258"}],"version-history":[{"count":5,"href":"https:\/\/campinglatropicana.com\/de\/wp-json\/wp\/v2\/pages\/258\/revisions"}],"predecessor-version":[{"id":274,"href":"https:\/\/campinglatropicana.com\/de\/wp-json\/wp\/v2\/pages\/258\/revisions\/274"}],"wp:attachment":[{"href":"https:\/\/campinglatropicana.com\/de\/wp-json\/wp\/v2\/media?parent=258"}],"curies":[{"name":"wp","href":"https:\/\/api.w.org\/{rel}","templated":true}]}}