{"id":401,"date":"2025-06-30T11:28:40","date_gmt":"2025-06-30T09:28:40","guid":{"rendered":"https:\/\/latropicana.novologic.eu\/declaracion-de-accesibilidad\/"},"modified":"2025-11-14T11:14:40","modified_gmt":"2025-11-14T10:14:40","slug":"declaracion-de-accesibilidad","status":"publish","type":"page","link":"https:\/\/campinglatropicana.com\/de\/declaracion-de-accesibilidad\/","title":{"rendered":"Erkl\u00e4rung zur Barrierefreiheit"},"content":{"rendered":"\t\t<div data-elementor-type=\"wp-page\" data-elementor-id=\"401\" class=\"elementor elementor-401 elementor-34\" data-elementor-post-type=\"page\">\n\t\t\t\t<div class=\"elementor-element elementor-element-cdb1ae1 e-flex e-con-boxed e-con e-parent\" data-id=\"cdb1ae1\" data-element_type=\"container\">\n\t\t\t\t\t<div class=\"e-con-inner\">\n\t\t\t\t<div class=\"elementor-element elementor-element-ea14a6f elementor-widget elementor-widget-heading\" data-id=\"ea14a6f\" data-element_type=\"widget\" data-widget_type=\"heading.default\">\n\t\t\t\t\t<h2 class=\"elementor-heading-title elementor-size-default\">Erkl\u00e4rung zur Barrierefreiheit<\/h2>\t\t\t\t<\/div>\n\t\t\t\t<div class=\"elementor-element elementor-element-3676ec2 elementor-widget__width-initial elementor-widget elementor-widget-text-editor\" data-id=\"3676ec2\" data-element_type=\"widget\" data-widget_type=\"text-editor.default\">\n\t\t\t\t\t\t\t\t\t<p>DARAMAR 98 SL verpflichtet sich, ihre Websites gem\u00e4\u00df K\u00f6niglichem Dekret 1112\/2018 vom 7. September \u00fcber die Zug\u00e4nglichkeit von Websites und mobilen Anwendungen des \u00f6ffentlichen Sektors (im Folgenden: K\u00f6nigliches Dekret 1112\/2018 vom 7. September) barrierefrei zu gestalten.<\/p>\n<p>Diese Erkl\u00e4rung zur Barrierefreiheit gilt f\u00fcr die Website https:\/\/campinglatropicana.com\/.<br><br><b>STATUS DER KONFORMIT\u00c4T<br><\/b><span style=\"font-style: inherit; font-weight: inherit;\">Diese Website erf\u00fcllt die Anforderungen des K\u00f6niglichen Dekrets 1112\/2018 vom 7. September nur teilweise. Die folgenden Aspekte werden nicht erf\u00fcllt.<\/span><b><\/b><\/p>\n<p><b>NICHT ZUG\u00c4NGLICHE INHALTE<br><\/b>Die folgenden Inhalte sind aus folgenden Gr\u00fcnden nicht zug\u00e4nglich:<\/p>\n<p>Nichteinhaltung des K\u00f6niglichen Dekrets 1112\/2018 vom 7. September: Auf einigen Webseiten k\u00f6nnen sowohl im HTML-Code als auch in den nach dem 20. September 2018 (dem Datum des Inkrafttretens des K\u00f6niglichen Dekrets 1112\/2018 vom 7. September) ver\u00f6ffentlichten endg\u00fcltigen Dokumenten gelegentlich Bearbeitungsfehler auftreten.<\/p>\n<p>Unverh\u00e4ltnism\u00e4\u00dfige Belastung: nicht zutreffend.<\/p>\n<p><b>ERSTELLUNG DIESER ERKL\u00c4RUNG ZUR ZUG\u00c4NGLICHKEIT<br><\/b>Diese Erkl\u00e4rung wurde am 11. Juli 2018 erstellt.<\/p>\n<p>Sie basiert auf einer Selbsteinsch\u00e4tzung der Organisation.<\/p>\n<p><b>KOMMENTARE UND KONTAKTINFORMATIONEN<br><\/b>Sie k\u00f6nnen uns Mitteilungen zu den Anforderungen an die Barrierefreiheit (Artikel 10.2.a) des K\u00f6niglichen Dekrets 1112\/2018 vom 7. September 2018 zukommen lassen, z. B.:<\/p>\n<p>Meldung m\u00f6glicher Verst\u00f6\u00dfe gegen die Anforderungen an die Barrierefreiheit auf dieser Website. Meldung weiterer Schwierigkeiten beim Zugriff auf die Inhalte.<br>\u00dcbermittlung von Anfragen oder Verbesserungsvorschl\u00e4gen zur Barrierefreiheit der Website.<\/p>\n<p>\u00dcber folgende Kan\u00e4le:<\/p>\n<p>E-Mail: davidmalva13@hotmail.com<\/p>\n<p>Telefon: +34 964 41 31 05<\/p>\n<p><b>ANTRAGSVERFAHREN<br><\/b>\u00dcber dieses Verfahren k\u00f6nnen Sie eine Beschwerde einreichen, um die Gr\u00fcnde f\u00fcr die Ablehnung eines Antrags auf barrierefreie Informationen oder einer Beschwerde zu erfahren und anzufechten, die Ergreifung geeigneter Ma\u00dfnahmen zu beantragen, wenn Sie mit der Entscheidung nicht einverstanden sind, oder darzulegen, warum die Antwort Ihrer Meinung nach nicht den erforderlichen Standards entspricht.<\/p>\n<p><b>OPTIONALE INHALTE<br><\/b>Die aktuell sichtbare Version dieser Website stammt vom Juli 2025. Die Barrierefreiheit wurde zu diesem Zeitpunkt \u00fcberpr\u00fcft.<\/p>\n<p>Unter anderem wurden folgende Ma\u00dfnahmen zur Verbesserung der Barrierefreiheit getroffen:<\/p>\n<p>Verwendung von Alternativtexten f\u00fcr Bilder<br>Links mit Informationen zur Funktion oder zum Ziel des Hyperlinks<br>Verwendung der W3C-Standards: XHTML 1.0, CSS 3.0, WAI AA.<\/p>\n<p>Auf der Seite \u201eRechtliche Hinweise\u201c finden Sie Informationen dar\u00fcber, f\u00fcr welche Browser und Versionen diese Website optimiert ist.<\/p>\t\t\t\t\t\t\t\t<\/div>\n\t\t\t\t\t<\/div>\n\t\t\t\t<\/div>\n\t\t\t\t<\/div>\n\t\t","protected":false},"excerpt":{"rendered":"<p>Erkl\u00e4rung zur Barrierefreiheit DARAMAR 98 SL verpflichtet sich, ihre Websites gem\u00e4\u00df K\u00f6niglichem Dekret 1112\/2018 vom 7. September \u00fcber die Zug\u00e4nglichkeit [&hellip;]<\/p>\n","protected":false},"author":1,"featured_media":0,"parent":0,"menu_order":0,"comment_status":"closed","ping_status":"closed","template":"","meta":{"site-sidebar-layout":"no-sidebar","site-content-layout":"","ast-site-content-layout":"full-width-container","site-content-style":"default","site-sidebar-style":"default","ast-global-header-display":"","ast-banner-title-visibility":"","ast-main-header-display":"","ast-hfb-above-header-display":"","ast-hfb-below-header-display":"","ast-hfb-mobile-header-display":"","site-post-title":"disabled","ast-breadcrumbs-content":"","ast-featured-img":"disabled","footer-sml-layout":"","theme-transparent-header-meta":"default","adv-header-id-meta":"","stick-header-meta":"","header-above-stick-meta":"","header-main-stick-meta":"","header-below-stick-meta":"","astra-migrate-meta-layouts":"set","ast-page-background-enabled":"default","ast-page-background-meta":{"desktop":{"background-color":"var(--ast-global-color-5)","background-image":"","background-repeat":"repeat","background-position":"center center","background-size":"auto","background-attachment":"scroll","background-type":"","background-media":"","overlay-type":"","overlay-color":"","overlay-opacity":"","overlay-gradient":""},"tablet":{"background-color":"","background-image":"","background-repeat":"repeat","background-position":"center center","background-size":"auto","background-attachment":"scroll","background-type":"","background-media":"","overlay-type":"","overlay-color":"","overlay-opacity":"","overlay-gradient":""},"mobile":{"background-color":"","background-image":"","background-repeat":"repeat","background-position":"center center","background-size":"auto","background-attachment":"scroll","background-type":"","background-media":"","overlay-type":"","overlay-color":"","overlay-opacity":"","overlay-gradient":""}},"ast-content-background-meta":{"desktop":{"background-color":"var(--ast-global-color-4)","background-image":"","background-repeat":"repeat","background-position":"center center","background-size":"auto","background-attachment":"scroll","background-type":"","background-media":"","overlay-type":"","overlay-color":"","overlay-opacity":"","overlay-gradient":""},"tablet":{"background-color":"var(--ast-global-color-4)","background-image":"","background-repeat":"repeat","background-position":"center center","background-size":"auto","background-attachment":"scroll","background-type":"","background-media":"","overlay-type":"","overlay-color":"","overlay-opacity":"","overlay-gradient":""},"mobile":{"background-color":"var(--ast-global-color-4)","background-image":"","background-repeat":"repeat","background-position":"center center","background-size":"auto","background-attachment":"scroll","background-type":"","background-media":"","overlay-type":"","overlay-color":"","overlay-opacity":"","overlay-gradient":""}},"footnotes":""},"class_list":["post-401","page","type-page","status-publish","hentry"],"yoast_head":"<!-- This site is optimized with the Yoast SEO plugin v26.3 - https:\/\/yoast.com\/wordpress\/plugins\/seo\/ -->\n<title>Erkl\u00e4rung zur Barrierefreiheit - Restaurante La Tropicana<\/title>\n<meta name=\"robots\" content=\"index, follow, max-snippet:-1, max-image-preview:large, max-video-preview:-1\" \/>\n<link rel=\"canonical\" href=\"https:\/\/campinglatropicana.com\/de\/declaracion-de-accesibilidad\/\" \/>\n<meta property=\"og:locale\" content=\"de_DE\" \/>\n<meta property=\"og:type\" content=\"article\" \/>\n<meta property=\"og:title\" content=\"Erkl\u00e4rung zur Barrierefreiheit - Restaurante La Tropicana\" \/>\n<meta property=\"og:description\" content=\"Erkl\u00e4rung zur Barrierefreiheit DARAMAR 98 SL verpflichtet sich, ihre Websites gem\u00e4\u00df K\u00f6niglichem Dekret 1112\/2018 vom 7. September \u00fcber die Zug\u00e4nglichkeit [&hellip;]\" \/>\n<meta property=\"og:url\" content=\"https:\/\/campinglatropicana.com\/de\/declaracion-de-accesibilidad\/\" \/>\n<meta property=\"og:site_name\" content=\"Restaurante La Tropicana\" \/>\n<meta property=\"article:modified_time\" content=\"2025-11-14T10:14:40+00:00\" \/>\n<meta name=\"twitter:card\" content=\"summary_large_image\" \/>\n<meta name=\"twitter:label1\" content=\"Gesch\u00e4tzte Lesezeit\" \/>\n\t<meta name=\"twitter:data1\" content=\"2\u00a0Minuten\" \/>\n<script type=\"application\/ld+json\" class=\"yoast-schema-graph\">{\"@context\":\"https:\/\/schema.org\",\"@graph\":[{\"@type\":\"WebPage\",\"@id\":\"https:\/\/campinglatropicana.com\/de\/declaracion-de-accesibilidad\/\",\"url\":\"https:\/\/campinglatropicana.com\/de\/declaracion-de-accesibilidad\/\",\"name\":\"Erkl\u00e4rung zur Barrierefreiheit - Restaurante La Tropicana\",\"isPartOf\":{\"@id\":\"https:\/\/campinglatropicana.com\/#website\"},\"datePublished\":\"2025-06-30T09:28:40+00:00\",\"dateModified\":\"2025-11-14T10:14:40+00:00\",\"breadcrumb\":{\"@id\":\"https:\/\/campinglatropicana.com\/de\/declaracion-de-accesibilidad\/#breadcrumb\"},\"inLanguage\":\"de\",\"potentialAction\":[{\"@type\":\"ReadAction\",\"target\":[\"https:\/\/campinglatropicana.com\/de\/declaracion-de-accesibilidad\/\"]}]},{\"@type\":\"BreadcrumbList\",\"@id\":\"https:\/\/campinglatropicana.com\/de\/declaracion-de-accesibilidad\/#breadcrumb\",\"itemListElement\":[{\"@type\":\"ListItem\",\"position\":1,\"name\":\"Portada\",\"item\":\"https:\/\/campinglatropicana.com\/de\/start\/\"},{\"@type\":\"ListItem\",\"position\":2,\"name\":\"Erkl\u00e4rung zur Barrierefreiheit\"}]},{\"@type\":\"WebSite\",\"@id\":\"https:\/\/campinglatropicana.com\/#website\",\"url\":\"https:\/\/campinglatropicana.com\/\",\"name\":\"Restaurante La Tropicana\",\"description\":\"\",\"publisher\":{\"@id\":\"https:\/\/campinglatropicana.com\/#organization\"},\"potentialAction\":[{\"@type\":\"SearchAction\",\"target\":{\"@type\":\"EntryPoint\",\"urlTemplate\":\"https:\/\/campinglatropicana.com\/?s={search_term_string}\"},\"query-input\":{\"@type\":\"PropertyValueSpecification\",\"valueRequired\":true,\"valueName\":\"search_term_string\"}}],\"inLanguage\":\"de\"},{\"@type\":\"Organization\",\"@id\":\"https:\/\/campinglatropicana.com\/#organization\",\"name\":\"Restaurante La Tropicana\",\"url\":\"https:\/\/campinglatropicana.com\/\",\"logo\":{\"@type\":\"ImageObject\",\"inLanguage\":\"de\",\"@id\":\"https:\/\/campinglatropicana.com\/#\/schema\/logo\/image\/\",\"url\":\"https:\/\/campinglatropicana.com\/wp-content\/uploads\/2025\/11\/cropped-RESTAURANTE_LA_TROPICANA-removebg-preview.png\",\"contentUrl\":\"https:\/\/campinglatropicana.com\/wp-content\/uploads\/2025\/11\/cropped-RESTAURANTE_LA_TROPICANA-removebg-preview.png\",\"width\":512,\"height\":512,\"caption\":\"Restaurante La Tropicana\"},\"image\":{\"@id\":\"https:\/\/campinglatropicana.com\/#\/schema\/logo\/image\/\"}}]}<\/script>\n<!-- \/ Yoast SEO plugin. -->","yoast_head_json":{"title":"Erkl\u00e4rung zur Barrierefreiheit - Restaurante La Tropicana","robots":{"index":"index","follow":"follow","max-snippet":"max-snippet:-1","max-image-preview":"max-image-preview:large","max-video-preview":"max-video-preview:-1"},"canonical":"https:\/\/campinglatropicana.com\/de\/declaracion-de-accesibilidad\/","og_locale":"de_DE","og_type":"article","og_title":"Erkl\u00e4rung zur Barrierefreiheit - Restaurante La Tropicana","og_description":"Erkl\u00e4rung zur Barrierefreiheit DARAMAR 98 SL verpflichtet sich, ihre Websites gem\u00e4\u00df K\u00f6niglichem Dekret 1112\/2018 vom 7. September \u00fcber die Zug\u00e4nglichkeit [&hellip;]","og_url":"https:\/\/campinglatropicana.com\/de\/declaracion-de-accesibilidad\/","og_site_name":"Restaurante La Tropicana","article_modified_time":"2025-11-14T10:14:40+00:00","twitter_card":"summary_large_image","twitter_misc":{"Gesch\u00e4tzte Lesezeit":"2\u00a0Minuten"},"schema":{"@context":"https:\/\/schema.org","@graph":[{"@type":"WebPage","@id":"https:\/\/campinglatropicana.com\/de\/declaracion-de-accesibilidad\/","url":"https:\/\/campinglatropicana.com\/de\/declaracion-de-accesibilidad\/","name":"Erkl\u00e4rung zur Barrierefreiheit - Restaurante La Tropicana","isPartOf":{"@id":"https:\/\/campinglatropicana.com\/#website"},"datePublished":"2025-06-30T09:28:40+00:00","dateModified":"2025-11-14T10:14:40+00:00","breadcrumb":{"@id":"https:\/\/campinglatropicana.com\/de\/declaracion-de-accesibilidad\/#breadcrumb"},"inLanguage":"de","potentialAction":[{"@type":"ReadAction","target":["https:\/\/campinglatropicana.com\/de\/declaracion-de-accesibilidad\/"]}]},{"@type":"BreadcrumbList","@id":"https:\/\/campinglatropicana.com\/de\/declaracion-de-accesibilidad\/#breadcrumb","itemListElement":[{"@type":"ListItem","position":1,"name":"Portada","item":"https:\/\/campinglatropicana.com\/de\/start\/"},{"@type":"ListItem","position":2,"name":"Erkl\u00e4rung zur Barrierefreiheit"}]},{"@type":"WebSite","@id":"https:\/\/campinglatropicana.com\/#website","url":"https:\/\/campinglatropicana.com\/","name":"Restaurante La Tropicana","description":"","publisher":{"@id":"https:\/\/campinglatropicana.com\/#organization"},"potentialAction":[{"@type":"SearchAction","target":{"@type":"EntryPoint","urlTemplate":"https:\/\/campinglatropicana.com\/?s={search_term_string}"},"query-input":{"@type":"PropertyValueSpecification","valueRequired":true,"valueName":"search_term_string"}}],"inLanguage":"de"},{"@type":"Organization","@id":"https:\/\/campinglatropicana.com\/#organization","name":"Restaurante La Tropicana","url":"https:\/\/campinglatropicana.com\/","logo":{"@type":"ImageObject","inLanguage":"de","@id":"https:\/\/campinglatropicana.com\/#\/schema\/logo\/image\/","url":"https:\/\/campinglatropicana.com\/wp-content\/uploads\/2025\/11\/cropped-RESTAURANTE_LA_TROPICANA-removebg-preview.png","contentUrl":"https:\/\/campinglatropicana.com\/wp-content\/uploads\/2025\/11\/cropped-RESTAURANTE_LA_TROPICANA-removebg-preview.png","width":512,"height":512,"caption":"Restaurante La Tropicana"},"image":{"@id":"https:\/\/campinglatropicana.com\/#\/schema\/logo\/image\/"}}]}},"_links":{"self":[{"href":"https:\/\/campinglatropicana.com\/de\/wp-json\/wp\/v2\/pages\/401","targetHints":{"allow":["GET"]}}],"collection":[{"href":"https:\/\/campinglatropicana.com\/de\/wp-json\/wp\/v2\/pages"}],"about":[{"href":"https:\/\/campinglatropicana.com\/de\/wp-json\/wp\/v2\/types\/page"}],"author":[{"embeddable":true,"href":"https:\/\/campinglatropicana.com\/de\/wp-json\/wp\/v2\/users\/1"}],"replies":[{"embeddable":true,"href":"https:\/\/campinglatropicana.com\/de\/wp-json\/wp\/v2\/comments?post=401"}],"version-history":[{"count":4,"href":"https:\/\/campinglatropicana.com\/de\/wp-json\/wp\/v2\/pages\/401\/revisions"}],"predecessor-version":[{"id":413,"href":"https:\/\/campinglatropicana.com\/de\/wp-json\/wp\/v2\/pages\/401\/revisions\/413"}],"wp:attachment":[{"href":"https:\/\/campinglatropicana.com\/de\/wp-json\/wp\/v2\/media?parent=401"}],"curies":[{"name":"wp","href":"https:\/\/api.w.org\/{rel}","templated":true}]}}