{"id":257,"date":"2025-06-30T11:28:03","date_gmt":"2025-06-30T09:28:03","guid":{"rendered":"https:\/\/latropicana.novologic.eu\/aviso-legal\/"},"modified":"2025-11-13T15:40:57","modified_gmt":"2025-11-13T14:40:57","slug":"aviso-legal","status":"publish","type":"page","link":"https:\/\/campinglatropicana.com\/fr\/aviso-legal\/","title":{"rendered":"Avis juridique"},"content":{"rendered":"\t\t<div data-elementor-type=\"wp-page\" data-elementor-id=\"257\" class=\"elementor elementor-257 elementor-29\" data-elementor-post-type=\"page\">\n\t\t\t\t<div class=\"elementor-element elementor-element-21af1951 e-flex e-con-boxed e-con e-parent\" data-id=\"21af1951\" data-element_type=\"container\">\n\t\t\t\t\t<div class=\"e-con-inner\">\n\t\t\t\t<div class=\"elementor-element elementor-element-7790eeb4 elementor-widget elementor-widget-heading\" data-id=\"7790eeb4\" data-element_type=\"widget\" data-widget_type=\"heading.default\">\n\t\t\t\t\t<h2 class=\"elementor-heading-title elementor-size-default\">Avis juridique<\/h2>\t\t\t\t<\/div>\n\t\t\t\t<div class=\"elementor-element elementor-element-22f123df elementor-widget__width-initial elementor-widget elementor-widget-text-editor\" data-id=\"22f123df\" data-element_type=\"widget\" data-widget_type=\"text-editor.default\">\n\t\t\t\t\t\t\t\t\t<p>Conform\u00e9ment \u00e0 l&rsquo;article 10 de la loi 34\/2002 du 11 juillet relative aux services de la soci\u00e9t\u00e9 de l&rsquo;information et au commerce \u00e9lectronique, nous vous informons que le propri\u00e9taire du site web campinglatropicana.com est la soci\u00e9t\u00e9 DARAMAR 98 SL, immatricul\u00e9e sous le num\u00e9ro B12488052 et dont le si\u00e8ge social est situ\u00e9 Camino L&rsquo;atall s\/n, Alcocebre (12579), Castell\u00f3n. <\/p><p>Les utilisateurs du site web peuvent communiquer avec les gestionnaires de campinglatropicana.com en envoyant un courriel \u00e0 <a href=\"mailto:davidmalva13@hotmail.com\">davidmalva13@hotmail.com<\/a> ou en appelant le 964413105.<\/p><p><strong>UTILISATION ET ACCEPTATION DU SITE WEB<\/strong><br>L\u2019acc\u00e8s au site web campinglatropicana.com et\/ou son utilisation conf\u00e8rent \u00e0 la personne qui y acc\u00e8de le statut d\u2019utilisateur et impliquent l\u2019acceptation pleine et enti\u00e8re par l\u2019utilisateur de chacune des conditions \u00e9nonc\u00e9es dans les pr\u00e9sentes mentions l\u00e9gales.<\/p><p>Le contenu de ces mentions l\u00e9gales peut \u00eatre modifi\u00e9. Il est conseill\u00e9 \u00e0 chaque utilisateur de les consulter attentivement avant toute visite sur le site web.<br>De m\u00eame, l&rsquo;acc\u00e8s au site web campinglatropicana.com est soumis \u00e0 l&rsquo;ensemble des avis, conditions d&rsquo;utilisation et instructions fournis par campinglatropicana.com qui remplacent, compl\u00e8tent et\/ou modifient les pr\u00e9sentes mentions l\u00e9gales. <\/p><p><strong>CONDITIONS G\u00c9N\u00c9RALES<\/strong><br>L\u2019utilisateur s\u2019engage \u00e0 utiliser les services et contenus propos\u00e9s par le site web conform\u00e9ment \u00e0 la l\u00e9gislation en vigueur, aux principes de bonne foi et aux usages g\u00e9n\u00e9ralement admis, et \u00e0 ne pas enfreindre la l\u00e9gislation en vigueur par ses actions sur le site. Par cons\u00e9quent, toute utilisation \u00e0 des fins ill\u00e9gales ou susceptibles de nuire \u00e0 des tiers est interdite. <\/p><p>L&rsquo;utilisateur garantit l&rsquo;authenticit\u00e9 et l&rsquo;exactitude de toutes les donn\u00e9es personnelles fournies lors du remplissage du formulaire. Il s&rsquo;engage \u00e0 maintenir \u00e0 jour et exactes les informations fournies. Le traitement des donn\u00e9es personnelles de l&rsquo;utilisateur sera effectu\u00e9 par campinglatropicana.com conform\u00e9ment \u00e0 la Politique de confidentialit\u00e9 disponible sur ce site web.  <\/p><p>L&rsquo;utilisateur est seul responsable de l&rsquo;utilisation de ce site et du respect int\u00e9gral des pr\u00e9sentes conditions g\u00e9n\u00e9rales. Par cons\u00e9quent, il est tenu de pr\u00e9server la confidentialit\u00e9 de ses codes d&rsquo;acc\u00e8s, mots de passe et autres donn\u00e9es similaires permettant d&rsquo;acc\u00e9der aux services propos\u00e9s par campinglatropicana.com, et sera responsable de tout dommage, de quelque nature que ce soit, r\u00e9sultant d&rsquo;une utilisation abusive, que ce soit par lui-m\u00eame ou par des tiers. <\/p><p>campinglatropicana.com ne garantit ni n&rsquo;assume aucune responsabilit\u00e9, en aucune circonstance, concernant les \u00e9v\u00e9nements et contenus suivants, ni concernant les dommages pouvant en d\u00e9couler :<br>\u2022 L&rsquo;indisponibilit\u00e9, la continuit\u00e9, l&rsquo;acc\u00e8s, la maintenance et le bon fonctionnement du site web ou de ses services, ainsi que la mise \u00e0 jour, l&rsquo;exactitude, l&rsquo;exhaustivit\u00e9 ou la pertinence de son contenu, quelle qu&rsquo;en soit la cause, et toute difficult\u00e9 ou probl\u00e8me technique ou autre pouvant \u00eatre \u00e0 l&rsquo;origine desdits \u00e9v\u00e9nements.<br>\u2022 La transmission et\/ou l\u2019existence de virus, d\u2019autres \u00e9l\u00e9ments ou programmes nuisibles \u00e0 l\u2019\u00e9quipement des utilisateurs qui pourraient les affecter, du fait de l\u2019acc\u00e8s, de l\u2019utilisation ou de la consultation du site, ou produire des alt\u00e9rations dans leurs documents ou fichiers \u00e9lectroniques.<br>\u00b7 Toute utilisation illicite, n\u00e9gligente ou frauduleuse du site web, de ses services et de son contenu, par les utilisateurs, est interdite.<br>\u2022 Pour conna\u00eetre toute information que des tiers non autoris\u00e9s pourraient poss\u00e9der ou utiliser concernant les caract\u00e9ristiques et les circonstances de l&rsquo;utilisation du contenu et des services de <span style=\"font-style: inherit; font-weight: inherit;\">campinglatropicana.com par les utilisateurs.<\/span><\/p><p>De m\u00eame, la reproduction, la distribution, la transmission, l&rsquo;adaptation ou la modification, par quelque moyen et sous quelque forme que ce soit, du contenu du site web (textes, dessins, graphismes, informations, bases de donn\u00e9es, logos,\u2026) et des autres \u00e9l\u00e9ments de ce site est interdite, sauf autorisation pr\u00e9alable de ses propri\u00e9taires l\u00e9gitimes ou lorsque la loi le permet.<\/p><p>La liste ci-dessus est donn\u00e9e \u00e0 titre indicatif uniquement et n&rsquo;est en aucun cas exclusive ou limitative sur aucun point.<\/p><p>En tout \u00e9tat de cause, campinglatropicana.com se r\u00e9serve le droit de refuser l&rsquo;acc\u00e8s \u00e0 ce site aux utilisateurs qui enfreignent l&rsquo;une quelconque de ces conditions g\u00e9n\u00e9rales ou toute condition sp\u00e9cifique qui pourrait leur \u00eatre applicable.<\/p><p><strong>POLITIQUE DE CONFIDENTIALIT\u00c9<\/strong><br>Les donn\u00e9es personnelles que vous fournissez via les formulaires de ce site web pour vous abonner \u00e0 un service ou effectuer un achat peuvent \u00eatre int\u00e9gr\u00e9es \u00e0 un fichier client, dont le responsable du traitement est campinglatropicana.com. Ce fichier est h\u00e9berg\u00e9 sur les syst\u00e8mes informatiques du responsable du traitement.<br>Vous, ou votre repr\u00e9sentant l\u00e9gal, disposez d&rsquo;un droit d&rsquo;acc\u00e8s, de rectification et d&rsquo;effacement de vos donn\u00e9es (Instruction 1\/2000 du 1er d\u00e9cembre de l&rsquo;Agence espagnole de protection des donn\u00e9es). Pour exercer ce droit, veuillez envoyer un message \u00e0 <a href=\"mailto:davidmalva13@hotmail.com\">davidmalva13@hotmail.com<\/a> ou appeler le +34 964 41 31 05.  <\/p><p>Los datos de car\u00e1cter personal proporcionados por los usuarios ser\u00e1n exactos y puestos al d\u00eda de forma que respondan con veracidad a la situaci\u00f3n actual del afectado. Por ello, el usuario deber\u00e1 responder de la veracidad y certeza de los datos personales suministrados y comunicar cualquier modificaci\u00f3n de los mismos que se produzca en un futuro. campinglatropicana.com proceder\u00e1 a la cancelaci\u00f3n de los datos personales recogidos cuando dejen de ser necesarios o pertinentes para la finalidad para la que hubieren sido recabados o registrados. La cancelaci\u00f3n dar\u00e1 lugar al bloqueo de los datos, conserv\u00e1ndose \u00fanicamente a disposici\u00f3n de las Administraciones p\u00fablicas, Jueces y Tribunales, para la atenci\u00f3n de las posibles responsabilidades nacidas del tratamiento, durante el plazo de prescripci\u00f3n de \u00e9stas. Cumplido el citado plazo se proceder\u00e1 a la supresi\u00f3n de sus datos personales.    <\/p><p>Conform\u00e9ment \u00e0 la r\u00e9glementation en vigueur, le responsable du traitement a mis en \u0153uvre les mesures et techniques n\u00e9cessaires pour garantir le niveau de s\u00e9curit\u00e9 requis pour les donn\u00e9es personnelles trait\u00e9es. Il a \u00e9galement d\u00e9ploy\u00e9 tous les moyens disponibles pour pr\u00e9venir, dans la mesure du possible, tout acc\u00e8s non autoris\u00e9, vol, modification illicite et perte de donn\u00e9es. <\/p><p>L\u00c9GISLATION ET JURIDICTION<br>La l\u00e9gislation applicable aux pr\u00e9sentes mentions l\u00e9gales est le droit espagnol, et la juridiction comp\u00e9tente est celle des tribunaux espagnols.<\/p><p>Le site web campinglatropicana.com utilise des cookies afin d&rsquo;offrir un service plus personnalis\u00e9 et de faciliter la navigation sur ses pages, en l&rsquo;adaptant au mieux aux pr\u00e9f\u00e9rences de l&rsquo;utilisateur.<br>Un cookie est un petit fichier texte qu&rsquo;un serveur web enregistre sur le disque dur de l&rsquo;utilisateur. Les cookies ne permettent pas d&rsquo;identifier une personne \u00e0 eux seuls, car ils ne contiennent aucune donn\u00e9e personnelle.<br>La plupart des navigateurs acceptent automatiquement les cookies, mais il est possible de les configurer pour les bloquer. Les utilisateurs peuvent choisir \u00e0 tout moment les cookies qu&rsquo;ils souhaitent autoriser sur ce site web via les param\u00e8tres de leur navigateur.<br>Des outils tiers disponibles en ligne permettent aux utilisateurs de d\u00e9tecter les cookies sur chaque site web visit\u00e9 et de g\u00e9rer leur d\u00e9sactivation. Cependant, campinglatropicana.com d\u00e9cline toute responsabilit\u00e9 si la d\u00e9sactivation des cookies emp\u00eache le bon fonctionnement du site web.   <\/p><p><strong>COOKIES UTILIS\u00c9S SUR CE SITE WEB<\/strong><\/p><p>Conform\u00e9ment aux directives de l&rsquo;Agence espagnole de protection des donn\u00e9es, nous d\u00e9taillons ci-apr\u00e8s l&rsquo;utilisation des cookies sur ce site web.<\/p><p>Ce site web utilise les cookies tiers suivants :<\/p><ul><li>Google Analytics utilise des cookies pour compiler des statistiques sur le trafic et le nombre de visiteurs de ce site web. En utilisant ce site, vous consentez au traitement de vos donn\u00e9es par Google. Par cons\u00e9quent, pour exercer vos droits en la mati\u00e8re, vous devez contacter directement Google.  <\/li><li>Google Maps : Stocke des cookies pour la g\u00e9olocalisation.<\/li><li>R\u00e9seaux sociaux : Chaque r\u00e9seau social utilise ses propres cookies pour vous permettre de cliquer sur des boutons tels que \u00ab J\u2019aime \u00bb ou \u00ab Partager \u00bb.<\/li><\/ul>\t\t\t\t\t\t\t\t<\/div>\n\t\t\t\t\t<\/div>\n\t\t\t\t<\/div>\n\t\t\t\t<\/div>\n\t\t","protected":false},"excerpt":{"rendered":"<p>Avis juridique Conform\u00e9ment \u00e0 l&rsquo;article 10 de la loi 34\/2002 du 11 juillet relative aux services de la soci\u00e9t\u00e9 de [&hellip;]<\/p>\n","protected":false},"author":1,"featured_media":0,"parent":0,"menu_order":0,"comment_status":"closed","ping_status":"closed","template":"","meta":{"site-sidebar-layout":"no-sidebar","site-content-layout":"","ast-site-content-layout":"full-width-container","site-content-style":"default","site-sidebar-style":"default","ast-global-header-display":"","ast-banner-title-visibility":"","ast-main-header-display":"","ast-hfb-above-header-display":"","ast-hfb-below-header-display":"","ast-hfb-mobile-header-display":"","site-post-title":"disabled","ast-breadcrumbs-content":"","ast-featured-img":"disabled","footer-sml-layout":"","theme-transparent-header-meta":"default","adv-header-id-meta":"","stick-header-meta":"","header-above-stick-meta":"","header-main-stick-meta":"","header-below-stick-meta":"","astra-migrate-meta-layouts":"default","ast-page-background-enabled":"default","ast-page-background-meta":{"desktop":{"background-color":"var(--ast-global-color-5)","background-image":"","background-repeat":"repeat","background-position":"center center","background-size":"auto","background-attachment":"scroll","background-type":"","background-media":"","overlay-type":"","overlay-color":"","overlay-opacity":"","overlay-gradient":""},"tablet":{"background-color":"","background-image":"","background-repeat":"repeat","background-position":"center center","background-size":"auto","background-attachment":"scroll","background-type":"","background-media":"","overlay-type":"","overlay-color":"","overlay-opacity":"","overlay-gradient":""},"mobile":{"background-color":"","background-image":"","background-repeat":"repeat","background-position":"center center","background-size":"auto","background-attachment":"scroll","background-type":"","background-media":"","overlay-type":"","overlay-color":"","overlay-opacity":"","overlay-gradient":""}},"ast-content-background-meta":{"desktop":{"background-color":"var(--ast-global-color-4)","background-image":"","background-repeat":"repeat","background-position":"center center","background-size":"auto","background-attachment":"scroll","background-type":"","background-media":"","overlay-type":"","overlay-color":"","overlay-opacity":"","overlay-gradient":""},"tablet":{"background-color":"var(--ast-global-color-4)","background-image":"","background-repeat":"repeat","background-position":"center center","background-size":"auto","background-attachment":"scroll","background-type":"","background-media":"","overlay-type":"","overlay-color":"","overlay-opacity":"","overlay-gradient":""},"mobile":{"background-color":"var(--ast-global-color-4)","background-image":"","background-repeat":"repeat","background-position":"center center","background-size":"auto","background-attachment":"scroll","background-type":"","background-media":"","overlay-type":"","overlay-color":"","overlay-opacity":"","overlay-gradient":""}},"footnotes":""},"class_list":["post-257","page","type-page","status-publish","hentry"],"yoast_head":"<!-- This site is optimized with the Yoast SEO plugin v26.3 - https:\/\/yoast.com\/wordpress\/plugins\/seo\/ -->\n<title>Avis juridique | Restaurante La Tropicana<\/title>\n<meta name=\"robots\" content=\"index, follow, max-snippet:-1, max-image-preview:large, max-video-preview:-1\" \/>\n<link rel=\"canonical\" href=\"https:\/\/campinglatropicana.com\/fr\/aviso-legal\/\" \/>\n<meta property=\"og:locale\" content=\"fr_FR\" \/>\n<meta property=\"og:type\" content=\"article\" \/>\n<meta property=\"og:title\" content=\"Avis juridique | Restaurante La Tropicana\" \/>\n<meta property=\"og:description\" content=\"Avis juridique Conform\u00e9ment \u00e0 l&rsquo;article 10 de la loi 34\/2002 du 11 juillet relative aux services de la soci\u00e9t\u00e9 de [&hellip;]\" \/>\n<meta property=\"og:url\" content=\"https:\/\/campinglatropicana.com\/fr\/aviso-legal\/\" \/>\n<meta property=\"og:site_name\" content=\"Restaurante La Tropicana\" \/>\n<meta property=\"article:modified_time\" content=\"2025-11-13T14:40:57+00:00\" \/>\n<meta name=\"twitter:card\" content=\"summary_large_image\" \/>\n<meta name=\"twitter:label1\" content=\"Dur\u00e9e de lecture estim\u00e9e\" \/>\n\t<meta name=\"twitter:data1\" content=\"7 minutes\" \/>\n<script type=\"application\/ld+json\" class=\"yoast-schema-graph\">{\"@context\":\"https:\/\/schema.org\",\"@graph\":[{\"@type\":\"WebPage\",\"@id\":\"https:\/\/campinglatropicana.com\/fr\/aviso-legal\/\",\"url\":\"https:\/\/campinglatropicana.com\/fr\/aviso-legal\/\",\"name\":\"Avis juridique | Restaurante La Tropicana\",\"isPartOf\":{\"@id\":\"https:\/\/campinglatropicana.com\/#website\"},\"datePublished\":\"2025-06-30T09:28:03+00:00\",\"dateModified\":\"2025-11-13T14:40:57+00:00\",\"breadcrumb\":{\"@id\":\"https:\/\/campinglatropicana.com\/fr\/aviso-legal\/#breadcrumb\"},\"inLanguage\":\"fr-FR\",\"potentialAction\":[{\"@type\":\"ReadAction\",\"target\":[\"https:\/\/campinglatropicana.com\/fr\/aviso-legal\/\"]}]},{\"@type\":\"BreadcrumbList\",\"@id\":\"https:\/\/campinglatropicana.com\/fr\/aviso-legal\/#breadcrumb\",\"itemListElement\":[{\"@type\":\"ListItem\",\"position\":1,\"name\":\"Portada\",\"item\":\"https:\/\/campinglatropicana.com\/fr\/accueil\/\"},{\"@type\":\"ListItem\",\"position\":2,\"name\":\"Avis juridique\"}]},{\"@type\":\"WebSite\",\"@id\":\"https:\/\/campinglatropicana.com\/#website\",\"url\":\"https:\/\/campinglatropicana.com\/\",\"name\":\"Restaurante La Tropicana\",\"description\":\"\",\"publisher\":{\"@id\":\"https:\/\/campinglatropicana.com\/#organization\"},\"potentialAction\":[{\"@type\":\"SearchAction\",\"target\":{\"@type\":\"EntryPoint\",\"urlTemplate\":\"https:\/\/campinglatropicana.com\/?s={search_term_string}\"},\"query-input\":{\"@type\":\"PropertyValueSpecification\",\"valueRequired\":true,\"valueName\":\"search_term_string\"}}],\"inLanguage\":\"fr-FR\"},{\"@type\":\"Organization\",\"@id\":\"https:\/\/campinglatropicana.com\/#organization\",\"name\":\"Restaurante La Tropicana\",\"url\":\"https:\/\/campinglatropicana.com\/\",\"logo\":{\"@type\":\"ImageObject\",\"inLanguage\":\"fr-FR\",\"@id\":\"https:\/\/campinglatropicana.com\/#\/schema\/logo\/image\/\",\"url\":\"https:\/\/campinglatropicana.com\/wp-content\/uploads\/2025\/11\/cropped-RESTAURANTE_LA_TROPICANA-removebg-preview.png\",\"contentUrl\":\"https:\/\/campinglatropicana.com\/wp-content\/uploads\/2025\/11\/cropped-RESTAURANTE_LA_TROPICANA-removebg-preview.png\",\"width\":512,\"height\":512,\"caption\":\"Restaurante La Tropicana\"},\"image\":{\"@id\":\"https:\/\/campinglatropicana.com\/#\/schema\/logo\/image\/\"}}]}<\/script>\n<!-- \/ Yoast SEO plugin. -->","yoast_head_json":{"title":"Avis juridique | Restaurante La Tropicana","robots":{"index":"index","follow":"follow","max-snippet":"max-snippet:-1","max-image-preview":"max-image-preview:large","max-video-preview":"max-video-preview:-1"},"canonical":"https:\/\/campinglatropicana.com\/fr\/aviso-legal\/","og_locale":"fr_FR","og_type":"article","og_title":"Avis juridique | Restaurante La Tropicana","og_description":"Avis juridique Conform\u00e9ment \u00e0 l&rsquo;article 10 de la loi 34\/2002 du 11 juillet relative aux services de la soci\u00e9t\u00e9 de [&hellip;]","og_url":"https:\/\/campinglatropicana.com\/fr\/aviso-legal\/","og_site_name":"Restaurante La Tropicana","article_modified_time":"2025-11-13T14:40:57+00:00","twitter_card":"summary_large_image","twitter_misc":{"Dur\u00e9e de lecture estim\u00e9e":"7 minutes"},"schema":{"@context":"https:\/\/schema.org","@graph":[{"@type":"WebPage","@id":"https:\/\/campinglatropicana.com\/fr\/aviso-legal\/","url":"https:\/\/campinglatropicana.com\/fr\/aviso-legal\/","name":"Avis juridique | Restaurante La Tropicana","isPartOf":{"@id":"https:\/\/campinglatropicana.com\/#website"},"datePublished":"2025-06-30T09:28:03+00:00","dateModified":"2025-11-13T14:40:57+00:00","breadcrumb":{"@id":"https:\/\/campinglatropicana.com\/fr\/aviso-legal\/#breadcrumb"},"inLanguage":"fr-FR","potentialAction":[{"@type":"ReadAction","target":["https:\/\/campinglatropicana.com\/fr\/aviso-legal\/"]}]},{"@type":"BreadcrumbList","@id":"https:\/\/campinglatropicana.com\/fr\/aviso-legal\/#breadcrumb","itemListElement":[{"@type":"ListItem","position":1,"name":"Portada","item":"https:\/\/campinglatropicana.com\/fr\/accueil\/"},{"@type":"ListItem","position":2,"name":"Avis juridique"}]},{"@type":"WebSite","@id":"https:\/\/campinglatropicana.com\/#website","url":"https:\/\/campinglatropicana.com\/","name":"Restaurante La Tropicana","description":"","publisher":{"@id":"https:\/\/campinglatropicana.com\/#organization"},"potentialAction":[{"@type":"SearchAction","target":{"@type":"EntryPoint","urlTemplate":"https:\/\/campinglatropicana.com\/?s={search_term_string}"},"query-input":{"@type":"PropertyValueSpecification","valueRequired":true,"valueName":"search_term_string"}}],"inLanguage":"fr-FR"},{"@type":"Organization","@id":"https:\/\/campinglatropicana.com\/#organization","name":"Restaurante La Tropicana","url":"https:\/\/campinglatropicana.com\/","logo":{"@type":"ImageObject","inLanguage":"fr-FR","@id":"https:\/\/campinglatropicana.com\/#\/schema\/logo\/image\/","url":"https:\/\/campinglatropicana.com\/wp-content\/uploads\/2025\/11\/cropped-RESTAURANTE_LA_TROPICANA-removebg-preview.png","contentUrl":"https:\/\/campinglatropicana.com\/wp-content\/uploads\/2025\/11\/cropped-RESTAURANTE_LA_TROPICANA-removebg-preview.png","width":512,"height":512,"caption":"Restaurante La Tropicana"},"image":{"@id":"https:\/\/campinglatropicana.com\/#\/schema\/logo\/image\/"}}]}},"_links":{"self":[{"href":"https:\/\/campinglatropicana.com\/fr\/wp-json\/wp\/v2\/pages\/257","targetHints":{"allow":["GET"]}}],"collection":[{"href":"https:\/\/campinglatropicana.com\/fr\/wp-json\/wp\/v2\/pages"}],"about":[{"href":"https:\/\/campinglatropicana.com\/fr\/wp-json\/wp\/v2\/types\/page"}],"author":[{"embeddable":true,"href":"https:\/\/campinglatropicana.com\/fr\/wp-json\/wp\/v2\/users\/1"}],"replies":[{"embeddable":true,"href":"https:\/\/campinglatropicana.com\/fr\/wp-json\/wp\/v2\/comments?post=257"}],"version-history":[{"count":5,"href":"https:\/\/campinglatropicana.com\/fr\/wp-json\/wp\/v2\/pages\/257\/revisions"}],"predecessor-version":[{"id":272,"href":"https:\/\/campinglatropicana.com\/fr\/wp-json\/wp\/v2\/pages\/257\/revisions\/272"}],"wp:attachment":[{"href":"https:\/\/campinglatropicana.com\/fr\/wp-json\/wp\/v2\/media?parent=257"}],"curies":[{"name":"wp","href":"https:\/\/api.w.org\/{rel}","templated":true}]}}