{"id":281,"date":"2025-06-30T11:28:17","date_gmt":"2025-06-30T09:28:17","guid":{"rendered":"https:\/\/latropicana.novologic.eu\/politique-de-confidentialite\/"},"modified":"2025-11-13T16:10:29","modified_gmt":"2025-11-13T15:10:29","slug":"politique-de-confidentialite","status":"publish","type":"page","link":"https:\/\/campinglatropicana.com\/fr\/politique-de-confidentialite\/","title":{"rendered":"politique de confidentialit\u00e9"},"content":{"rendered":"\t\t<div data-elementor-type=\"wp-page\" data-elementor-id=\"281\" class=\"elementor elementor-281 elementor-56\" data-elementor-post-type=\"page\">\n\t\t\t\t<div class=\"elementor-element elementor-element-fc9af68 e-flex e-con-boxed e-con e-parent\" data-id=\"fc9af68\" data-element_type=\"container\">\n\t\t\t\t\t<div class=\"e-con-inner\">\n\t\t\t\t<div class=\"elementor-element elementor-element-9f04f7b elementor-widget elementor-widget-heading\" data-id=\"9f04f7b\" data-element_type=\"widget\" data-widget_type=\"heading.default\">\n\t\t\t\t\t<h2 class=\"elementor-heading-title elementor-size-default\">politique de confidentialit\u00e9<\/h2>\t\t\t\t<\/div>\n\t\t\t\t<div class=\"elementor-element elementor-element-1fd29cf elementor-widget__width-initial elementor-widget elementor-widget-text-editor\" data-id=\"1fd29cf\" data-element_type=\"widget\" data-widget_type=\"text-editor.default\">\n\t\t\t\t\t\t\t\t\t<p>\u00c0 propos de nous<br>Notre site web est ::&nbsp;<a href=\"https:\/\/campinglatropicana.com\/\">https:\/\/campinglatropicana.com\/<\/a><\/p>\n<p>Quelles donn\u00e9es personnelles collectons-nous et pourquoi ?<br>Commentaires<br>Lorsque les visiteurs laissent des commentaires sur le site, nous collectons les donn\u00e9es affich\u00e9es dans le formulaire de commentaires, ainsi que l\u2019adresse IP du visiteur et la cha\u00eene de l\u2019agent utilisateur de son navigateur afin de faciliter la d\u00e9tection des spams.<\/p>\n<p>Une cha\u00eene anonymis\u00e9e (ou hachage) cr\u00e9\u00e9e \u00e0 partir de votre adresse courriel peut \u00eatre transmise au service Gravatar afin de v\u00e9rifier si vous l\u2019utilisez. La politique de confidentialit\u00e9 de Gravatar est disponible ici : https:\/\/automattic.com\/privacy\/. Apr\u00e8s validation de votre commentaire, votre photo de profil sera visible publiquement. <\/p>\n<p>M\u00e9dias<br>Si vous t\u00e9l\u00e9chargez des images sur le Web, \u00e9vitez d&rsquo;inclure des donn\u00e9es de g\u00e9olocalisation (GPS EXIF). Les visiteurs du site peuvent t\u00e9l\u00e9charger et extraire ces donn\u00e9es. <\/p>\n<p>Formulaires de contact<br>Cookies<br>Si vous laissez un commentaire sur notre site, vous pouvez choisir d&rsquo;enregistrer votre nom, votre adresse courriel et votre site web dans des cookies. Cela vous permettra de ne pas avoir \u00e0 ressaisir ces informations lors de votre prochain commentaire. Ces cookies seront conserv\u00e9s pendant un an.  <\/p>\n<p>Si vous poss\u00e9dez un compte et que vous vous connectez \u00e0 ce site, un cookie temporaire sera cr\u00e9\u00e9 afin de d\u00e9terminer si votre navigateur accepte les cookies. Ce cookie ne contient aucune donn\u00e9e personnelle et est supprim\u00e9 lorsque vous fermez votre navigateur. <\/p>\n<p>Lorsque vous vous connectez, nous installons des cookies pour enregistrer vos informations de connexion et vos pr\u00e9f\u00e9rences d&rsquo;affichage. Les cookies de connexion sont conserv\u00e9s pendant deux jours et les cookies d&rsquo;options d&rsquo;affichage pendant un an. Si vous cochez la case \u00ab Se souvenir de moi \u00bb, votre connexion sera maintenue pendant deux semaines. Si vous vous d\u00e9connectez, les cookies de connexion seront supprim\u00e9s.   <\/p>\n<p>Si vous modifiez ou publiez un article, un cookie suppl\u00e9mentaire sera enregistr\u00e9 dans votre navigateur. Ce cookie ne contient aucune donn\u00e9e personnelle et indique simplement l&rsquo;identifiant de l&rsquo;article que vous venez de modifier. Il expire apr\u00e8s un jour.  <\/p>\n<p>Contenu int\u00e9gr\u00e9 provenant d&rsquo;autres sites web<br>Les articles de ce site peuvent inclure du contenu int\u00e9gr\u00e9 (par exemple, des vid\u00e9os, des images, des articles, etc.). Le contenu int\u00e9gr\u00e9 provenant d&rsquo;autres sites web se comporte exactement de la m\u00eame mani\u00e8re que si le visiteur avait visit\u00e9 ces sites. <\/p>\n<p>Ces sites web peuvent collecter des donn\u00e9es vous concernant, utiliser des cookies, int\u00e9grer des outils de suivi tiers suppl\u00e9mentaires et surveiller votre interaction avec ce contenu int\u00e9gr\u00e9, y compris le suivi de votre interaction avec le contenu int\u00e9gr\u00e9 si vous poss\u00e9dez un compte et \u00eates connect\u00e9 \u00e0 ce site web.<\/p>\n<p>Analyse<br>Avec qui partageons-nous vos donn\u00e9es ?<br>Combien de temps conservons-nous vos donn\u00e9es ?<br>Si vous laissez un commentaire, celui-ci et ses m\u00e9tadonn\u00e9es sont conserv\u00e9s ind\u00e9finiment. Cela nous permet de reconna\u00eetre et d&rsquo;approuver automatiquement les commentaires suivants, sans avoir \u00e0 les mod\u00e9rer. <\/p>\n<p>Pour les utilisateurs qui s&rsquo;inscrivent sur notre site web (le cas \u00e9ch\u00e9ant), nous conservons \u00e9galement les informations personnelles qu&rsquo;ils fournissent dans leur profil. Tous les utilisateurs peuvent consulter, modifier ou supprimer leurs informations personnelles \u00e0 tout moment (\u00e0 l&rsquo;exception de leur nom d&rsquo;utilisateur). Les administrateurs du site web peuvent \u00e9galement consulter et modifier ces informations.  <\/p>\n<p>Quels sont vos droits concernant vos donn\u00e9es ?<br>Si vous poss\u00e9dez un compte ou avez laiss\u00e9 des commentaires sur ce site web, vous pouvez demander \u00e0 recevoir un fichier export\u00e9 contenant les donn\u00e9es personnelles que nous d\u00e9tenons vous concernant, y compris les donn\u00e9es que vous nous avez fournies. Vous pouvez \u00e9galement demander la suppression de toutes les donn\u00e9es personnelles que nous d\u00e9tenons vous concernant. Cette suppression ne concerne pas les donn\u00e9es que nous sommes tenus de conserver \u00e0 des fins administratives, l\u00e9gales ou de s\u00e9curit\u00e9.  <\/p>\n<p>O\u00f9 nous envoyons vos donn\u00e9es<br>Les commentaires des visiteurs peuvent \u00eatre v\u00e9rifi\u00e9s par un service automatis\u00e9 de d\u00e9tection de spam.<br>Vos coordonn\u00e9es<br>Informations compl\u00e9mentaires<br>Comment nous prot\u00e9geons vos donn\u00e9es<br>Proc\u00e9dures mises en place en cas de violation de donn\u00e9es<br>Tiers aupr\u00e8s desquels nous recevons des donn\u00e9es<br>Type de prise de d\u00e9cision automatis\u00e9e et\/ou de profilage effectu\u00e9s sur les donn\u00e9es utilisateur<br>Obligations de divulgation r\u00e9glementaires du secteur<\/p>\t\t\t\t\t\t\t\t<\/div>\n\t\t\t\t\t<\/div>\n\t\t\t\t<\/div>\n\t\t\t\t<\/div>\n\t\t","protected":false},"excerpt":{"rendered":"<p>politique de confidentialit\u00e9 \u00c0 propos de nousNotre site web est ::&nbsp;https:\/\/campinglatropicana.com\/ Quelles donn\u00e9es personnelles collectons-nous et pourquoi ?CommentairesLorsque les visiteurs [&hellip;]<\/p>\n","protected":false},"author":1,"featured_media":0,"parent":0,"menu_order":0,"comment_status":"closed","ping_status":"closed","template":"","meta":{"site-sidebar-layout":"no-sidebar","site-content-layout":"","ast-site-content-layout":"full-width-container","site-content-style":"default","site-sidebar-style":"default","ast-global-header-display":"","ast-banner-title-visibility":"","ast-main-header-display":"","ast-hfb-above-header-display":"","ast-hfb-below-header-display":"","ast-hfb-mobile-header-display":"","site-post-title":"disabled","ast-breadcrumbs-content":"","ast-featured-img":"disabled","footer-sml-layout":"","theme-transparent-header-meta":"default","adv-header-id-meta":"","stick-header-meta":"","header-above-stick-meta":"","header-main-stick-meta":"","header-below-stick-meta":"","astra-migrate-meta-layouts":"default","ast-page-background-enabled":"default","ast-page-background-meta":{"desktop":{"background-color":"var(--ast-global-color-5)","background-image":"","background-repeat":"repeat","background-position":"center center","background-size":"auto","background-attachment":"scroll","background-type":"","background-media":"","overlay-type":"","overlay-color":"","overlay-opacity":"","overlay-gradient":""},"tablet":{"background-color":"","background-image":"","background-repeat":"repeat","background-position":"center center","background-size":"auto","background-attachment":"scroll","background-type":"","background-media":"","overlay-type":"","overlay-color":"","overlay-opacity":"","overlay-gradient":""},"mobile":{"background-color":"","background-image":"","background-repeat":"repeat","background-position":"center center","background-size":"auto","background-attachment":"scroll","background-type":"","background-media":"","overlay-type":"","overlay-color":"","overlay-opacity":"","overlay-gradient":""}},"ast-content-background-meta":{"desktop":{"background-color":"var(--ast-global-color-4)","background-image":"","background-repeat":"repeat","background-position":"center center","background-size":"auto","background-attachment":"scroll","background-type":"","background-media":"","overlay-type":"","overlay-color":"","overlay-opacity":"","overlay-gradient":""},"tablet":{"background-color":"var(--ast-global-color-4)","background-image":"","background-repeat":"repeat","background-position":"center center","background-size":"auto","background-attachment":"scroll","background-type":"","background-media":"","overlay-type":"","overlay-color":"","overlay-opacity":"","overlay-gradient":""},"mobile":{"background-color":"var(--ast-global-color-4)","background-image":"","background-repeat":"repeat","background-position":"center center","background-size":"auto","background-attachment":"scroll","background-type":"","background-media":"","overlay-type":"","overlay-color":"","overlay-opacity":"","overlay-gradient":""}},"footnotes":""},"class_list":["post-281","page","type-page","status-publish","hentry"],"yoast_head":"<!-- This site is optimized with the Yoast SEO plugin v26.3 - https:\/\/yoast.com\/wordpress\/plugins\/seo\/ -->\n<title>politique de confidentialit\u00e9 | Restaurante La Tropicana<\/title>\n<meta name=\"robots\" content=\"index, follow, max-snippet:-1, max-image-preview:large, max-video-preview:-1\" \/>\n<link rel=\"canonical\" href=\"https:\/\/campinglatropicana.com\/fr\/politique-de-confidentialite\/\" \/>\n<meta property=\"og:locale\" content=\"fr_FR\" \/>\n<meta property=\"og:type\" content=\"article\" \/>\n<meta property=\"og:title\" content=\"politique de confidentialit\u00e9 | Restaurante La Tropicana\" \/>\n<meta property=\"og:description\" content=\"politique de confidentialit\u00e9 \u00c0 propos de nousNotre site web est ::&nbsp;https:\/\/campinglatropicana.com\/ Quelles donn\u00e9es personnelles collectons-nous et pourquoi ?CommentairesLorsque les visiteurs [&hellip;]\" \/>\n<meta property=\"og:url\" content=\"https:\/\/campinglatropicana.com\/fr\/politique-de-confidentialite\/\" \/>\n<meta property=\"og:site_name\" content=\"Restaurante La Tropicana\" \/>\n<meta property=\"article:modified_time\" content=\"2025-11-13T15:10:29+00:00\" \/>\n<meta name=\"twitter:card\" content=\"summary_large_image\" \/>\n<meta name=\"twitter:label1\" content=\"Dur\u00e9e de lecture estim\u00e9e\" \/>\n\t<meta name=\"twitter:data1\" content=\"4 minutes\" \/>\n<script type=\"application\/ld+json\" class=\"yoast-schema-graph\">{\"@context\":\"https:\/\/schema.org\",\"@graph\":[{\"@type\":\"WebPage\",\"@id\":\"https:\/\/campinglatropicana.com\/fr\/politique-de-confidentialite\/\",\"url\":\"https:\/\/campinglatropicana.com\/fr\/politique-de-confidentialite\/\",\"name\":\"politique de confidentialit\u00e9 | Restaurante La Tropicana\",\"isPartOf\":{\"@id\":\"https:\/\/campinglatropicana.com\/#website\"},\"datePublished\":\"2025-06-30T09:28:17+00:00\",\"dateModified\":\"2025-11-13T15:10:29+00:00\",\"breadcrumb\":{\"@id\":\"https:\/\/campinglatropicana.com\/fr\/politique-de-confidentialite\/#breadcrumb\"},\"inLanguage\":\"fr-FR\",\"potentialAction\":[{\"@type\":\"ReadAction\",\"target\":[\"https:\/\/campinglatropicana.com\/fr\/politique-de-confidentialite\/\"]}]},{\"@type\":\"BreadcrumbList\",\"@id\":\"https:\/\/campinglatropicana.com\/fr\/politique-de-confidentialite\/#breadcrumb\",\"itemListElement\":[{\"@type\":\"ListItem\",\"position\":1,\"name\":\"Portada\",\"item\":\"https:\/\/campinglatropicana.com\/fr\/accueil\/\"},{\"@type\":\"ListItem\",\"position\":2,\"name\":\"politique de confidentialit\u00e9\"}]},{\"@type\":\"WebSite\",\"@id\":\"https:\/\/campinglatropicana.com\/#website\",\"url\":\"https:\/\/campinglatropicana.com\/\",\"name\":\"Restaurante La Tropicana\",\"description\":\"\",\"publisher\":{\"@id\":\"https:\/\/campinglatropicana.com\/#organization\"},\"potentialAction\":[{\"@type\":\"SearchAction\",\"target\":{\"@type\":\"EntryPoint\",\"urlTemplate\":\"https:\/\/campinglatropicana.com\/?s={search_term_string}\"},\"query-input\":{\"@type\":\"PropertyValueSpecification\",\"valueRequired\":true,\"valueName\":\"search_term_string\"}}],\"inLanguage\":\"fr-FR\"},{\"@type\":\"Organization\",\"@id\":\"https:\/\/campinglatropicana.com\/#organization\",\"name\":\"Restaurante La Tropicana\",\"url\":\"https:\/\/campinglatropicana.com\/\",\"logo\":{\"@type\":\"ImageObject\",\"inLanguage\":\"fr-FR\",\"@id\":\"https:\/\/campinglatropicana.com\/#\/schema\/logo\/image\/\",\"url\":\"https:\/\/campinglatropicana.com\/wp-content\/uploads\/2025\/11\/cropped-RESTAURANTE_LA_TROPICANA-removebg-preview.png\",\"contentUrl\":\"https:\/\/campinglatropicana.com\/wp-content\/uploads\/2025\/11\/cropped-RESTAURANTE_LA_TROPICANA-removebg-preview.png\",\"width\":512,\"height\":512,\"caption\":\"Restaurante La Tropicana\"},\"image\":{\"@id\":\"https:\/\/campinglatropicana.com\/#\/schema\/logo\/image\/\"}}]}<\/script>\n<!-- \/ Yoast SEO plugin. -->","yoast_head_json":{"title":"politique de confidentialit\u00e9 | Restaurante La Tropicana","robots":{"index":"index","follow":"follow","max-snippet":"max-snippet:-1","max-image-preview":"max-image-preview:large","max-video-preview":"max-video-preview:-1"},"canonical":"https:\/\/campinglatropicana.com\/fr\/politique-de-confidentialite\/","og_locale":"fr_FR","og_type":"article","og_title":"politique de confidentialit\u00e9 | Restaurante La Tropicana","og_description":"politique de confidentialit\u00e9 \u00c0 propos de nousNotre site web est ::&nbsp;https:\/\/campinglatropicana.com\/ Quelles donn\u00e9es personnelles collectons-nous et pourquoi ?CommentairesLorsque les visiteurs [&hellip;]","og_url":"https:\/\/campinglatropicana.com\/fr\/politique-de-confidentialite\/","og_site_name":"Restaurante La Tropicana","article_modified_time":"2025-11-13T15:10:29+00:00","twitter_card":"summary_large_image","twitter_misc":{"Dur\u00e9e de lecture estim\u00e9e":"4 minutes"},"schema":{"@context":"https:\/\/schema.org","@graph":[{"@type":"WebPage","@id":"https:\/\/campinglatropicana.com\/fr\/politique-de-confidentialite\/","url":"https:\/\/campinglatropicana.com\/fr\/politique-de-confidentialite\/","name":"politique de confidentialit\u00e9 | Restaurante La Tropicana","isPartOf":{"@id":"https:\/\/campinglatropicana.com\/#website"},"datePublished":"2025-06-30T09:28:17+00:00","dateModified":"2025-11-13T15:10:29+00:00","breadcrumb":{"@id":"https:\/\/campinglatropicana.com\/fr\/politique-de-confidentialite\/#breadcrumb"},"inLanguage":"fr-FR","potentialAction":[{"@type":"ReadAction","target":["https:\/\/campinglatropicana.com\/fr\/politique-de-confidentialite\/"]}]},{"@type":"BreadcrumbList","@id":"https:\/\/campinglatropicana.com\/fr\/politique-de-confidentialite\/#breadcrumb","itemListElement":[{"@type":"ListItem","position":1,"name":"Portada","item":"https:\/\/campinglatropicana.com\/fr\/accueil\/"},{"@type":"ListItem","position":2,"name":"politique de confidentialit\u00e9"}]},{"@type":"WebSite","@id":"https:\/\/campinglatropicana.com\/#website","url":"https:\/\/campinglatropicana.com\/","name":"Restaurante La Tropicana","description":"","publisher":{"@id":"https:\/\/campinglatropicana.com\/#organization"},"potentialAction":[{"@type":"SearchAction","target":{"@type":"EntryPoint","urlTemplate":"https:\/\/campinglatropicana.com\/?s={search_term_string}"},"query-input":{"@type":"PropertyValueSpecification","valueRequired":true,"valueName":"search_term_string"}}],"inLanguage":"fr-FR"},{"@type":"Organization","@id":"https:\/\/campinglatropicana.com\/#organization","name":"Restaurante La Tropicana","url":"https:\/\/campinglatropicana.com\/","logo":{"@type":"ImageObject","inLanguage":"fr-FR","@id":"https:\/\/campinglatropicana.com\/#\/schema\/logo\/image\/","url":"https:\/\/campinglatropicana.com\/wp-content\/uploads\/2025\/11\/cropped-RESTAURANTE_LA_TROPICANA-removebg-preview.png","contentUrl":"https:\/\/campinglatropicana.com\/wp-content\/uploads\/2025\/11\/cropped-RESTAURANTE_LA_TROPICANA-removebg-preview.png","width":512,"height":512,"caption":"Restaurante La Tropicana"},"image":{"@id":"https:\/\/campinglatropicana.com\/#\/schema\/logo\/image\/"}}]}},"_links":{"self":[{"href":"https:\/\/campinglatropicana.com\/fr\/wp-json\/wp\/v2\/pages\/281","targetHints":{"allow":["GET"]}}],"collection":[{"href":"https:\/\/campinglatropicana.com\/fr\/wp-json\/wp\/v2\/pages"}],"about":[{"href":"https:\/\/campinglatropicana.com\/fr\/wp-json\/wp\/v2\/types\/page"}],"author":[{"embeddable":true,"href":"https:\/\/campinglatropicana.com\/fr\/wp-json\/wp\/v2\/users\/1"}],"replies":[{"embeddable":true,"href":"https:\/\/campinglatropicana.com\/fr\/wp-json\/wp\/v2\/comments?post=281"}],"version-history":[{"count":1,"href":"https:\/\/campinglatropicana.com\/fr\/wp-json\/wp\/v2\/pages\/281\/revisions"}],"predecessor-version":[{"id":282,"href":"https:\/\/campinglatropicana.com\/fr\/wp-json\/wp\/v2\/pages\/281\/revisions\/282"}],"wp:attachment":[{"href":"https:\/\/campinglatropicana.com\/fr\/wp-json\/wp\/v2\/media?parent=281"}],"curies":[{"name":"wp","href":"https:\/\/api.w.org\/{rel}","templated":true}]}}