{"id":305,"date":"2025-07-01T12:35:16","date_gmt":"2025-07-01T10:35:16","guid":{"rendered":"https:\/\/latropicana.novologic.eu\/menus-de-navidad\/"},"modified":"2025-11-14T13:03:28","modified_gmt":"2025-11-14T12:03:28","slug":"menus-de-navidad","status":"publish","type":"page","link":"https:\/\/campinglatropicana.com\/fr\/menus-de-navidad\/","title":{"rendered":"Menus de No\u00ebl"},"content":{"rendered":"\t\t<div data-elementor-type=\"wp-page\" data-elementor-id=\"305\" class=\"elementor elementor-305 elementor-37\" data-elementor-post-type=\"page\">\n\t\t\t\t<div class=\"elementor-element elementor-element-e72b219 e-flex e-con-boxed e-con e-parent\" data-id=\"e72b219\" data-element_type=\"container\" data-settings=\"{&quot;background_background&quot;:&quot;classic&quot;}\">\n\t\t\t\t\t<div class=\"e-con-inner\">\n\t\t<div class=\"elementor-element elementor-element-0f2f6b2 e-con-full e-flex e-con e-child\" data-id=\"0f2f6b2\" data-element_type=\"container\">\n\t\t\t\t<div class=\"elementor-element elementor-element-662610b elementor-widget elementor-widget-heading\" data-id=\"662610b\" data-element_type=\"widget\" data-widget_type=\"heading.default\">\n\t\t\t\t\t<h2 class=\"elementor-heading-title elementor-size-default\">Menus de No\u00ebl<\/h2>\t\t\t\t<\/div>\n\t\t\t\t<div class=\"elementor-element elementor-element-ac93022 elementor-widget elementor-widget-heading\" data-id=\"ac93022\" data-element_type=\"widget\" data-widget_type=\"heading.default\">\n\t\t\t\t\t<h4 class=\"elementor-heading-title elementor-size-default\">Venez c\u00e9l\u00e9brer ces journ\u00e9es sp\u00e9ciales avec nous !<\/h4>\t\t\t\t<\/div>\n\t\t\t\t<\/div>\n\t\t\t\t\t<\/div>\n\t\t\t\t<\/div>\n\t\t<div class=\"elementor-element elementor-element-9dd8ab0 e-flex e-con-boxed e-con e-parent\" data-id=\"9dd8ab0\" data-element_type=\"container\" data-settings=\"{&quot;background_background&quot;:&quot;classic&quot;}\">\n\t\t\t\t\t<div class=\"e-con-inner\">\n\t\t<div class=\"elementor-element elementor-element-dfbdf5d e-con-full e-flex e-con e-child\" data-id=\"dfbdf5d\" data-element_type=\"container\">\n\t\t\t\t<div class=\"elementor-element elementor-element-3a15852 elementor-widget elementor-widget-image\" data-id=\"3a15852\" data-element_type=\"widget\" data-widget_type=\"image.default\">\n\t\t\t\t\t\t\t\t\t\t\t\t\t\t\t\t<a href=\"https:\/\/campinglatropicana.com\/wp-content\/uploads\/2025\/11\/WhatsApp-Image-2025-11-14-at-12.57.09-2.jpeg\" data-elementor-open-lightbox=\"yes\" data-elementor-lightbox-title=\"Menu de No\u00ebl 2025\" data-e-action-hash=\"#elementor-action%3Aaction%3Dlightbox%26settings%3DeyJpZCI6NDcyLCJ1cmwiOiJodHRwczpcL1wvY2FtcGluZ2xhdHJvcGljYW5hLmNvbVwvd3AtY29udGVudFwvdXBsb2Fkc1wvMjAyNVwvMTFcL1doYXRzQXBwLUltYWdlLTIwMjUtMTEtMTQtYXQtMTIuNTcuMDktMi5qcGVnIn0%3D\">\n\t\t\t\t\t\t\t<img fetchpriority=\"high\" decoding=\"async\" width=\"1060\" height=\"1500\" src=\"https:\/\/campinglatropicana.com\/wp-content\/uploads\/2025\/11\/WhatsApp-Image-2025-11-14-at-12.57.09-2.jpeg\" class=\"attachment-full size-full wp-image-472\" alt=\"Menu de No\u00ebl 2025\" srcset=\"https:\/\/campinglatropicana.com\/wp-content\/uploads\/2025\/11\/WhatsApp-Image-2025-11-14-at-12.57.09-2.jpeg 1060w, https:\/\/campinglatropicana.com\/wp-content\/uploads\/2025\/11\/WhatsApp-Image-2025-11-14-at-12.57.09-2-212x300.jpeg 212w, https:\/\/campinglatropicana.com\/wp-content\/uploads\/2025\/11\/WhatsApp-Image-2025-11-14-at-12.57.09-2-724x1024.jpeg 724w, https:\/\/campinglatropicana.com\/wp-content\/uploads\/2025\/11\/WhatsApp-Image-2025-11-14-at-12.57.09-2-768x1087.jpeg 768w\" sizes=\"(max-width: 1060px) 100vw, 1060px\" \/>\t\t\t\t\t\t\t\t<\/a>\n\t\t\t\t\t\t\t\t\t\t\t\t\t\t\t<\/div>\n\t\t\t\t<div class=\"elementor-element elementor-element-8d25494 elementor-widget elementor-widget-heading\" data-id=\"8d25494\" data-element_type=\"widget\" data-widget_type=\"heading.default\">\n\t\t\t\t\t<h4 class=\"elementor-heading-title elementor-size-default\">Menu de No\u00ebl 2025<\/h4>\t\t\t\t<\/div>\n\t\t\t\t<\/div>\n\t\t<div class=\"elementor-element elementor-element-e532f62 e-con-full e-flex e-con e-child\" data-id=\"e532f62\" data-element_type=\"container\">\n\t\t\t\t<div class=\"elementor-element elementor-element-4e8a65f elementor-widget elementor-widget-image\" data-id=\"4e8a65f\" data-element_type=\"widget\" data-widget_type=\"image.default\">\n\t\t\t\t\t\t\t\t\t\t\t\t\t\t\t\t<a href=\"https:\/\/campinglatropicana.com\/wp-content\/uploads\/2025\/11\/Menu-de-nochevieja-2025-Sandra-1_Pagina_3.jpg\" data-elementor-open-lightbox=\"yes\" data-elementor-lightbox-title=\"Menu de nochevieja 2025 Sandra (1)_P\u00e1gina_3\" data-e-action-hash=\"#elementor-action%3Aaction%3Dlightbox%26settings%3DeyJpZCI6MzMzLCJ1cmwiOiJodHRwczpcL1wvY2FtcGluZ2xhdHJvcGljYW5hLmNvbVwvd3AtY29udGVudFwvdXBsb2Fkc1wvMjAyNVwvMTFcL01lbnUtZGUtbm9jaGV2aWVqYS0yMDI1LVNhbmRyYS0xX1BhZ2luYV8zLmpwZyJ9\">\n\t\t\t\t\t\t\t<img decoding=\"async\" width=\"1655\" height=\"2340\" src=\"https:\/\/campinglatropicana.com\/wp-content\/uploads\/2025\/11\/Menu-de-nochevieja-2025-Sandra-1_Pagina_3.jpg\" class=\"attachment-full size-full wp-image-333\" alt=\"Menu du r\u00e9veillon du Nouvel An 2025\" srcset=\"https:\/\/campinglatropicana.com\/wp-content\/uploads\/2025\/11\/Menu-de-nochevieja-2025-Sandra-1_Pagina_3.jpg 1655w, https:\/\/campinglatropicana.com\/wp-content\/uploads\/2025\/11\/Menu-de-nochevieja-2025-Sandra-1_Pagina_3-212x300.jpg 212w, https:\/\/campinglatropicana.com\/wp-content\/uploads\/2025\/11\/Menu-de-nochevieja-2025-Sandra-1_Pagina_3-724x1024.jpg 724w, https:\/\/campinglatropicana.com\/wp-content\/uploads\/2025\/11\/Menu-de-nochevieja-2025-Sandra-1_Pagina_3-768x1086.jpg 768w, https:\/\/campinglatropicana.com\/wp-content\/uploads\/2025\/11\/Menu-de-nochevieja-2025-Sandra-1_Pagina_3-1086x1536.jpg 1086w, https:\/\/campinglatropicana.com\/wp-content\/uploads\/2025\/11\/Menu-de-nochevieja-2025-Sandra-1_Pagina_3-1448x2048.jpg 1448w\" sizes=\"(max-width: 1655px) 100vw, 1655px\" \/>\t\t\t\t\t\t\t\t<\/a>\n\t\t\t\t\t\t\t\t\t\t\t\t\t\t\t<\/div>\n\t\t\t\t<div class=\"elementor-element elementor-element-9e24e7d elementor-widget elementor-widget-heading\" data-id=\"9e24e7d\" data-element_type=\"widget\" data-widget_type=\"heading.default\">\n\t\t\t\t\t<h4 class=\"elementor-heading-title elementor-size-default\">Menu du r\u00e9veillon du Nouvel An 2025<\/h4>\t\t\t\t<\/div>\n\t\t\t\t<\/div>\n\t\t<div class=\"elementor-element elementor-element-16b3a4d e-con-full e-flex e-con e-child\" data-id=\"16b3a4d\" data-element_type=\"container\">\n\t\t\t\t<div class=\"elementor-element elementor-element-4191832 elementor-widget elementor-widget-image\" data-id=\"4191832\" data-element_type=\"widget\" data-widget_type=\"image.default\">\n\t\t\t\t\t\t\t\t\t\t\t\t\t\t\t\t<a href=\"https:\/\/campinglatropicana.com\/wp-content\/uploads\/2025\/11\/WhatsApp-Image-2025-11-12-at-14.10.43-1.jpeg\" data-elementor-open-lightbox=\"yes\" data-elementor-lightbox-title=\"WhatsApp Image 2025-11-12 at 14.10.43 (1)\" data-e-action-hash=\"#elementor-action%3Aaction%3Dlightbox%26settings%3DeyJpZCI6MzQ5LCJ1cmwiOiJodHRwczpcL1wvY2FtcGluZ2xhdHJvcGljYW5hLmNvbVwvd3AtY29udGVudFwvdXBsb2Fkc1wvMjAyNVwvMTFcL1doYXRzQXBwLUltYWdlLTIwMjUtMTEtMTItYXQtMTQuMTAuNDMtMS5qcGVnIn0%3D\">\n\t\t\t\t\t\t\t<img decoding=\"async\" width=\"1131\" height=\"1600\" src=\"https:\/\/campinglatropicana.com\/wp-content\/uploads\/2025\/11\/WhatsApp-Image-2025-11-12-at-14.10.43-1.jpeg\" class=\"attachment-full size-full wp-image-349\" alt=\"Menu du r\u00e9veillon du Nouvel An 2025 pour les enfants\" srcset=\"https:\/\/campinglatropicana.com\/wp-content\/uploads\/2025\/11\/WhatsApp-Image-2025-11-12-at-14.10.43-1.jpeg 1131w, https:\/\/campinglatropicana.com\/wp-content\/uploads\/2025\/11\/WhatsApp-Image-2025-11-12-at-14.10.43-1-212x300.jpeg 212w, https:\/\/campinglatropicana.com\/wp-content\/uploads\/2025\/11\/WhatsApp-Image-2025-11-12-at-14.10.43-1-724x1024.jpeg 724w, https:\/\/campinglatropicana.com\/wp-content\/uploads\/2025\/11\/WhatsApp-Image-2025-11-12-at-14.10.43-1-768x1086.jpeg 768w, https:\/\/campinglatropicana.com\/wp-content\/uploads\/2025\/11\/WhatsApp-Image-2025-11-12-at-14.10.43-1-1086x1536.jpeg 1086w\" sizes=\"(max-width: 1131px) 100vw, 1131px\" \/>\t\t\t\t\t\t\t\t<\/a>\n\t\t\t\t\t\t\t\t\t\t\t\t\t\t\t<\/div>\n\t\t\t\t<div class=\"elementor-element elementor-element-827a545 elementor-widget elementor-widget-heading\" data-id=\"827a545\" data-element_type=\"widget\" data-widget_type=\"heading.default\">\n\t\t\t\t\t<h4 class=\"elementor-heading-title elementor-size-default\">Menu enfant du r\u00e9veillon du Nouvel An 2025<\/h4>\t\t\t\t<\/div>\n\t\t\t\t<\/div>\n\t\t<div class=\"elementor-element elementor-element-46647e8 e-con-full e-flex e-con e-child\" data-id=\"46647e8\" data-element_type=\"container\">\n\t\t\t\t<div class=\"elementor-element elementor-element-b9c71d2 elementor-widget elementor-widget-image\" data-id=\"b9c71d2\" data-element_type=\"widget\" data-widget_type=\"image.default\">\n\t\t\t\t\t\t\t\t\t\t\t\t\t\t\t\t<a href=\"https:\/\/campinglatropicana.com\/wp-content\/uploads\/2025\/11\/WhatsApp-Image-2025-11-12-at-14.10.44-1.jpeg\" data-elementor-open-lightbox=\"yes\" data-elementor-lightbox-title=\"WhatsApp Image 2025-11-12 at 14.10.44 (1)\" data-e-action-hash=\"#elementor-action%3Aaction%3Dlightbox%26settings%3DeyJpZCI6MzA5LCJ1cmwiOiJodHRwczpcL1wvY2FtcGluZ2xhdHJvcGljYW5hLmNvbVwvd3AtY29udGVudFwvdXBsb2Fkc1wvMjAyNVwvMTFcL1doYXRzQXBwLUltYWdlLTIwMjUtMTEtMTItYXQtMTQuMTAuNDQtMS5qcGVnIn0%3D\">\n\t\t\t\t\t\t\t<img loading=\"lazy\" decoding=\"async\" width=\"1131\" height=\"1600\" src=\"https:\/\/campinglatropicana.com\/wp-content\/uploads\/2025\/11\/WhatsApp-Image-2025-11-12-at-14.10.44-1.jpeg\" class=\"attachment-full size-full wp-image-309\" alt=\"Menu du Nouvel An 2026\" srcset=\"https:\/\/campinglatropicana.com\/wp-content\/uploads\/2025\/11\/WhatsApp-Image-2025-11-12-at-14.10.44-1.jpeg 1131w, https:\/\/campinglatropicana.com\/wp-content\/uploads\/2025\/11\/WhatsApp-Image-2025-11-12-at-14.10.44-1-212x300.jpeg 212w, https:\/\/campinglatropicana.com\/wp-content\/uploads\/2025\/11\/WhatsApp-Image-2025-11-12-at-14.10.44-1-724x1024.jpeg 724w, https:\/\/campinglatropicana.com\/wp-content\/uploads\/2025\/11\/WhatsApp-Image-2025-11-12-at-14.10.44-1-768x1086.jpeg 768w, https:\/\/campinglatropicana.com\/wp-content\/uploads\/2025\/11\/WhatsApp-Image-2025-11-12-at-14.10.44-1-1086x1536.jpeg 1086w\" sizes=\"(max-width: 1131px) 100vw, 1131px\" \/>\t\t\t\t\t\t\t\t<\/a>\n\t\t\t\t\t\t\t\t\t\t\t\t\t\t\t<\/div>\n\t\t\t\t<div class=\"elementor-element elementor-element-770246b elementor-widget elementor-widget-heading\" data-id=\"770246b\" data-element_type=\"widget\" data-widget_type=\"heading.default\">\n\t\t\t\t\t<h4 class=\"elementor-heading-title elementor-size-default\">Menu du Nouvel An 2026<\/h4>\t\t\t\t<\/div>\n\t\t\t\t<\/div>\n\t\t\t\t\t<\/div>\n\t\t\t\t<\/div>\n\t\t\t\t<\/div>\n\t\t","protected":false},"excerpt":{"rendered":"<p>Menus de No\u00ebl Venez c\u00e9l\u00e9brer ces journ\u00e9es sp\u00e9ciales avec nous ! Menu de No\u00ebl 2025 Menu du r\u00e9veillon du Nouvel [&hellip;]<\/p>\n","protected":false},"author":1,"featured_media":0,"parent":0,"menu_order":0,"comment_status":"closed","ping_status":"closed","template":"","meta":{"site-sidebar-layout":"no-sidebar","site-content-layout":"","ast-site-content-layout":"full-width-container","site-content-style":"default","site-sidebar-style":"default","ast-global-header-display":"","ast-banner-title-visibility":"","ast-main-header-display":"","ast-hfb-above-header-display":"","ast-hfb-below-header-display":"","ast-hfb-mobile-header-display":"","site-post-title":"disabled","ast-breadcrumbs-content":"","ast-featured-img":"disabled","footer-sml-layout":"","theme-transparent-header-meta":"default","adv-header-id-meta":"","stick-header-meta":"","header-above-stick-meta":"","header-main-stick-meta":"","header-below-stick-meta":"","astra-migrate-meta-layouts":"set","ast-page-background-enabled":"default","ast-page-background-meta":{"desktop":{"background-color":"var(--ast-global-color-5)","background-image":"","background-repeat":"repeat","background-position":"center center","background-size":"auto","background-attachment":"scroll","background-type":"","background-media":"","overlay-type":"","overlay-color":"","overlay-opacity":"","overlay-gradient":""},"tablet":{"background-color":"","background-image":"","background-repeat":"repeat","background-position":"center center","background-size":"auto","background-attachment":"scroll","background-type":"","background-media":"","overlay-type":"","overlay-color":"","overlay-opacity":"","overlay-gradient":""},"mobile":{"background-color":"","background-image":"","background-repeat":"repeat","background-position":"center center","background-size":"auto","background-attachment":"scroll","background-type":"","background-media":"","overlay-type":"","overlay-color":"","overlay-opacity":"","overlay-gradient":""}},"ast-content-background-meta":{"desktop":{"background-color":"var(--ast-global-color-4)","background-image":"","background-repeat":"repeat","background-position":"center center","background-size":"auto","background-attachment":"scroll","background-type":"","background-media":"","overlay-type":"","overlay-color":"","overlay-opacity":"","overlay-gradient":""},"tablet":{"background-color":"var(--ast-global-color-4)","background-image":"","background-repeat":"repeat","background-position":"center center","background-size":"auto","background-attachment":"scroll","background-type":"","background-media":"","overlay-type":"","overlay-color":"","overlay-opacity":"","overlay-gradient":""},"mobile":{"background-color":"var(--ast-global-color-4)","background-image":"","background-repeat":"repeat","background-position":"center center","background-size":"auto","background-attachment":"scroll","background-type":"","background-media":"","overlay-type":"","overlay-color":"","overlay-opacity":"","overlay-gradient":""}},"footnotes":""},"class_list":["post-305","page","type-page","status-publish","hentry"],"yoast_head":"<!-- This site is optimized with the Yoast SEO plugin v26.3 - https:\/\/yoast.com\/wordpress\/plugins\/seo\/ -->\n<title>Menus de No\u00ebl | Restaurante La Tropicana<\/title>\n<meta name=\"description\" content=\"Savourez le menu de No\u00ebl le plus complet et abordable d&#039;Alcossebre. C\u00e9l\u00e9brez ces jours de f\u00eate avec nous.\" \/>\n<meta name=\"robots\" content=\"index, follow, max-snippet:-1, max-image-preview:large, max-video-preview:-1\" \/>\n<link rel=\"canonical\" href=\"https:\/\/campinglatropicana.com\/menus-de-navidad\/\" \/>\n<meta property=\"og:locale\" content=\"fr_FR\" \/>\n<meta property=\"og:type\" content=\"article\" \/>\n<meta property=\"og:title\" content=\"Menus de No\u00ebl | Restaurante La Tropicana\" \/>\n<meta property=\"og:description\" content=\"Savourez le menu de No\u00ebl le plus complet et abordable d&#039;Alcossebre. C\u00e9l\u00e9brez ces jours de f\u00eate avec nous.\" \/>\n<meta property=\"og:url\" content=\"https:\/\/campinglatropicana.com\/menus-de-navidad\/\" \/>\n<meta property=\"og:site_name\" content=\"Restaurante La Tropicana\" \/>\n<meta property=\"article:modified_time\" content=\"2025-11-14T12:03:28+00:00\" \/>\n<meta property=\"og:image\" content=\"https:\/\/campinglatropicana.com\/wp-content\/uploads\/2025\/11\/WhatsApp-Image-2025-11-14-at-12.57.09-2.jpeg\" \/>\n<meta name=\"twitter:card\" content=\"summary_large_image\" \/>\n<meta name=\"twitter:label1\" content=\"Dur\u00e9e de lecture estim\u00e9e\" \/>\n\t<meta name=\"twitter:data1\" content=\"1 minute\" \/>\n<script type=\"application\/ld+json\" class=\"yoast-schema-graph\">{\"@context\":\"https:\/\/schema.org\",\"@graph\":[{\"@type\":\"WebPage\",\"@id\":\"https:\/\/campinglatropicana.com\/menus-de-navidad\/\",\"url\":\"https:\/\/campinglatropicana.com\/menus-de-navidad\/\",\"name\":\"Menus de No\u00ebl | Restaurante La Tropicana\",\"isPartOf\":{\"@id\":\"https:\/\/campinglatropicana.com\/#website\"},\"primaryImageOfPage\":{\"@id\":\"https:\/\/campinglatropicana.com\/menus-de-navidad\/#primaryimage\"},\"image\":{\"@id\":\"https:\/\/campinglatropicana.com\/menus-de-navidad\/#primaryimage\"},\"thumbnailUrl\":\"https:\/\/campinglatropicana.com\/wp-content\/uploads\/2025\/11\/WhatsApp-Image-2025-11-14-at-12.57.09-2.jpeg\",\"datePublished\":\"2025-07-01T10:35:16+00:00\",\"dateModified\":\"2025-11-14T12:03:28+00:00\",\"description\":\"Savourez le menu de No\u00ebl le plus complet et abordable d'Alcossebre. C\u00e9l\u00e9brez ces jours de f\u00eate avec nous.\",\"breadcrumb\":{\"@id\":\"https:\/\/campinglatropicana.com\/menus-de-navidad\/#breadcrumb\"},\"inLanguage\":\"fr-FR\",\"potentialAction\":[{\"@type\":\"ReadAction\",\"target\":[\"https:\/\/campinglatropicana.com\/menus-de-navidad\/\"]}]},{\"@type\":\"ImageObject\",\"inLanguage\":\"fr-FR\",\"@id\":\"https:\/\/campinglatropicana.com\/menus-de-navidad\/#primaryimage\",\"url\":\"https:\/\/campinglatropicana.com\/wp-content\/uploads\/2025\/11\/WhatsApp-Image-2025-11-14-at-12.57.09-2.jpeg\",\"contentUrl\":\"https:\/\/campinglatropicana.com\/wp-content\/uploads\/2025\/11\/WhatsApp-Image-2025-11-14-at-12.57.09-2.jpeg\"},{\"@type\":\"BreadcrumbList\",\"@id\":\"https:\/\/campinglatropicana.com\/menus-de-navidad\/#breadcrumb\",\"itemListElement\":[{\"@type\":\"ListItem\",\"position\":1,\"name\":\"Portada\",\"item\":\"https:\/\/campinglatropicana.com\/fr\/accueil\/\"},{\"@type\":\"ListItem\",\"position\":2,\"name\":\"Menus de No\u00ebl\"}]},{\"@type\":\"WebSite\",\"@id\":\"https:\/\/campinglatropicana.com\/#website\",\"url\":\"https:\/\/campinglatropicana.com\/\",\"name\":\"Restaurante La Tropicana\",\"description\":\"\",\"publisher\":{\"@id\":\"https:\/\/campinglatropicana.com\/#organization\"},\"potentialAction\":[{\"@type\":\"SearchAction\",\"target\":{\"@type\":\"EntryPoint\",\"urlTemplate\":\"https:\/\/campinglatropicana.com\/?s={search_term_string}\"},\"query-input\":{\"@type\":\"PropertyValueSpecification\",\"valueRequired\":true,\"valueName\":\"search_term_string\"}}],\"inLanguage\":\"fr-FR\"},{\"@type\":\"Organization\",\"@id\":\"https:\/\/campinglatropicana.com\/#organization\",\"name\":\"Restaurante La Tropicana\",\"url\":\"https:\/\/campinglatropicana.com\/\",\"logo\":{\"@type\":\"ImageObject\",\"inLanguage\":\"fr-FR\",\"@id\":\"https:\/\/campinglatropicana.com\/#\/schema\/logo\/image\/\",\"url\":\"https:\/\/campinglatropicana.com\/wp-content\/uploads\/2025\/11\/cropped-RESTAURANTE_LA_TROPICANA-removebg-preview.png\",\"contentUrl\":\"https:\/\/campinglatropicana.com\/wp-content\/uploads\/2025\/11\/cropped-RESTAURANTE_LA_TROPICANA-removebg-preview.png\",\"width\":512,\"height\":512,\"caption\":\"Restaurante La Tropicana\"},\"image\":{\"@id\":\"https:\/\/campinglatropicana.com\/#\/schema\/logo\/image\/\"}}]}<\/script>\n<!-- \/ Yoast SEO plugin. -->","yoast_head_json":{"title":"Menus de No\u00ebl | Restaurante La Tropicana","description":"Savourez le menu de No\u00ebl le plus complet et abordable d'Alcossebre. C\u00e9l\u00e9brez ces jours de f\u00eate avec nous.","robots":{"index":"index","follow":"follow","max-snippet":"max-snippet:-1","max-image-preview":"max-image-preview:large","max-video-preview":"max-video-preview:-1"},"canonical":"https:\/\/campinglatropicana.com\/menus-de-navidad\/","og_locale":"fr_FR","og_type":"article","og_title":"Menus de No\u00ebl | Restaurante La Tropicana","og_description":"Savourez le menu de No\u00ebl le plus complet et abordable d'Alcossebre. C\u00e9l\u00e9brez ces jours de f\u00eate avec nous.","og_url":"https:\/\/campinglatropicana.com\/menus-de-navidad\/","og_site_name":"Restaurante La Tropicana","article_modified_time":"2025-11-14T12:03:28+00:00","og_image":[{"url":"https:\/\/campinglatropicana.com\/wp-content\/uploads\/2025\/11\/WhatsApp-Image-2025-11-14-at-12.57.09-2.jpeg","type":"","width":"","height":""}],"twitter_card":"summary_large_image","twitter_misc":{"Dur\u00e9e de lecture estim\u00e9e":"1 minute"},"schema":{"@context":"https:\/\/schema.org","@graph":[{"@type":"WebPage","@id":"https:\/\/campinglatropicana.com\/menus-de-navidad\/","url":"https:\/\/campinglatropicana.com\/menus-de-navidad\/","name":"Menus de No\u00ebl | Restaurante La Tropicana","isPartOf":{"@id":"https:\/\/campinglatropicana.com\/#website"},"primaryImageOfPage":{"@id":"https:\/\/campinglatropicana.com\/menus-de-navidad\/#primaryimage"},"image":{"@id":"https:\/\/campinglatropicana.com\/menus-de-navidad\/#primaryimage"},"thumbnailUrl":"https:\/\/campinglatropicana.com\/wp-content\/uploads\/2025\/11\/WhatsApp-Image-2025-11-14-at-12.57.09-2.jpeg","datePublished":"2025-07-01T10:35:16+00:00","dateModified":"2025-11-14T12:03:28+00:00","description":"Savourez le menu de No\u00ebl le plus complet et abordable d'Alcossebre. C\u00e9l\u00e9brez ces jours de f\u00eate avec nous.","breadcrumb":{"@id":"https:\/\/campinglatropicana.com\/menus-de-navidad\/#breadcrumb"},"inLanguage":"fr-FR","potentialAction":[{"@type":"ReadAction","target":["https:\/\/campinglatropicana.com\/menus-de-navidad\/"]}]},{"@type":"ImageObject","inLanguage":"fr-FR","@id":"https:\/\/campinglatropicana.com\/menus-de-navidad\/#primaryimage","url":"https:\/\/campinglatropicana.com\/wp-content\/uploads\/2025\/11\/WhatsApp-Image-2025-11-14-at-12.57.09-2.jpeg","contentUrl":"https:\/\/campinglatropicana.com\/wp-content\/uploads\/2025\/11\/WhatsApp-Image-2025-11-14-at-12.57.09-2.jpeg"},{"@type":"BreadcrumbList","@id":"https:\/\/campinglatropicana.com\/menus-de-navidad\/#breadcrumb","itemListElement":[{"@type":"ListItem","position":1,"name":"Portada","item":"https:\/\/campinglatropicana.com\/fr\/accueil\/"},{"@type":"ListItem","position":2,"name":"Menus de No\u00ebl"}]},{"@type":"WebSite","@id":"https:\/\/campinglatropicana.com\/#website","url":"https:\/\/campinglatropicana.com\/","name":"Restaurante La Tropicana","description":"","publisher":{"@id":"https:\/\/campinglatropicana.com\/#organization"},"potentialAction":[{"@type":"SearchAction","target":{"@type":"EntryPoint","urlTemplate":"https:\/\/campinglatropicana.com\/?s={search_term_string}"},"query-input":{"@type":"PropertyValueSpecification","valueRequired":true,"valueName":"search_term_string"}}],"inLanguage":"fr-FR"},{"@type":"Organization","@id":"https:\/\/campinglatropicana.com\/#organization","name":"Restaurante La Tropicana","url":"https:\/\/campinglatropicana.com\/","logo":{"@type":"ImageObject","inLanguage":"fr-FR","@id":"https:\/\/campinglatropicana.com\/#\/schema\/logo\/image\/","url":"https:\/\/campinglatropicana.com\/wp-content\/uploads\/2025\/11\/cropped-RESTAURANTE_LA_TROPICANA-removebg-preview.png","contentUrl":"https:\/\/campinglatropicana.com\/wp-content\/uploads\/2025\/11\/cropped-RESTAURANTE_LA_TROPICANA-removebg-preview.png","width":512,"height":512,"caption":"Restaurante La Tropicana"},"image":{"@id":"https:\/\/campinglatropicana.com\/#\/schema\/logo\/image\/"}}]}},"_links":{"self":[{"href":"https:\/\/campinglatropicana.com\/fr\/wp-json\/wp\/v2\/pages\/305","targetHints":{"allow":["GET"]}}],"collection":[{"href":"https:\/\/campinglatropicana.com\/fr\/wp-json\/wp\/v2\/pages"}],"about":[{"href":"https:\/\/campinglatropicana.com\/fr\/wp-json\/wp\/v2\/types\/page"}],"author":[{"embeddable":true,"href":"https:\/\/campinglatropicana.com\/fr\/wp-json\/wp\/v2\/users\/1"}],"replies":[{"embeddable":true,"href":"https:\/\/campinglatropicana.com\/fr\/wp-json\/wp\/v2\/comments?post=305"}],"version-history":[{"count":10,"href":"https:\/\/campinglatropicana.com\/fr\/wp-json\/wp\/v2\/pages\/305\/revisions"}],"predecessor-version":[{"id":478,"href":"https:\/\/campinglatropicana.com\/fr\/wp-json\/wp\/v2\/pages\/305\/revisions\/478"}],"wp:attachment":[{"href":"https:\/\/campinglatropicana.com\/fr\/wp-json\/wp\/v2\/media?parent=305"}],"curies":[{"name":"wp","href":"https:\/\/api.w.org\/{rel}","templated":true}]}}