{"id":400,"date":"2025-06-30T11:28:40","date_gmt":"2025-06-30T09:28:40","guid":{"rendered":"https:\/\/latropicana.novologic.eu\/declaracion-de-accesibilidad\/"},"modified":"2025-11-14T11:12:57","modified_gmt":"2025-11-14T10:12:57","slug":"declaracion-de-accesibilidad","status":"publish","type":"page","link":"https:\/\/campinglatropicana.com\/fr\/declaracion-de-accesibilidad\/","title":{"rendered":"D\u00e9claration d&rsquo;accessibilit\u00e9"},"content":{"rendered":"\t\t<div data-elementor-type=\"wp-page\" data-elementor-id=\"400\" class=\"elementor elementor-400 elementor-34\" data-elementor-post-type=\"page\">\n\t\t\t\t<div class=\"elementor-element elementor-element-cdb1ae1 e-flex e-con-boxed e-con e-parent\" data-id=\"cdb1ae1\" data-element_type=\"container\">\n\t\t\t\t\t<div class=\"e-con-inner\">\n\t\t\t\t<div class=\"elementor-element elementor-element-ea14a6f elementor-widget elementor-widget-heading\" data-id=\"ea14a6f\" data-element_type=\"widget\" data-widget_type=\"heading.default\">\n\t\t\t\t\t<h2 class=\"elementor-heading-title elementor-size-default\">D\u00e9claration d'accessibilit\u00e9<\/h2>\t\t\t\t<\/div>\n\t\t\t\t<div class=\"elementor-element elementor-element-3676ec2 elementor-widget__width-initial elementor-widget elementor-widget-text-editor\" data-id=\"3676ec2\" data-element_type=\"widget\" data-widget_type=\"text-editor.default\">\n\t\t\t\t\t\t\t\t\t<p>La soci\u00e9t\u00e9 DARAMAR 98 SL s&rsquo;engage \u00e0 rendre ses sites web accessibles conform\u00e9ment au D\u00e9cret Royal 1112\/2018 du 7 septembre relatif \u00e0 l&rsquo;accessibilit\u00e9 des sites internet et des applications mobiles du secteur public (ci-apr\u00e8s, le D\u00e9cret Royal 1112\/2018 du 7 septembre).<\/p>\n<p>La pr\u00e9sente d\u00e9claration d&rsquo;accessibilit\u00e9 s&rsquo;applique au site web https:\/\/campinglatropicana.com\/<br>\u00c9TAT DE CONFORMIT\u00c9<\/p>\n<p>Ce site web est partiellement conforme au D\u00e9cret Royal 1112\/2018 du 7 septembre, en raison de la non-conformit\u00e9 des aspects indiqu\u00e9s ci-dessous.<\/p>\n<p><b>CONTENU INACCESSIBLE<br><\/b><span style=\"font-style: inherit; font-weight: inherit;\">Le contenu list\u00e9 ci-dessous est inaccessible pour les raisons suivantes&nbsp;:<\/span><\/p>\n<p>Non-conformit\u00e9 au D\u00e9cret Royal 1112\/2018 du 7 septembre&nbsp;: des erreurs de mise en page peuvent subsister sur certaines pages web, tant dans le contenu HTML que dans les documents finaux, publi\u00e9s apr\u00e8s le 20 septembre 2018 (date d&rsquo;entr\u00e9e en vigueur du D\u00e9cret Royal 1112\/2018 du 7 septembre).<\/p>\n<p>Charge disproportionn\u00e9e&nbsp;: sans objet.<\/p>\n<p>\u00c9LABORATION DE LA PR\u00c9SENTE D\u00c9CLARATION D\u2019ACCESSIBILIT\u00c9<br><span style=\"font-style: inherit; font-weight: inherit;\">Cette d\u00e9claration a \u00e9t\u00e9 \u00e9tablie le 11 juillet 2025.<\/span><\/p>\n<p>La m\u00e9thode utilis\u00e9e pour son \u00e9laboration est une auto-\u00e9valuation r\u00e9alis\u00e9e par l\u2019organisation elle-m\u00eame.<\/p>\n<p>COMMENTAIRES ET COORDONN\u00c9ES<br><span style=\"font-style: inherit; font-weight: inherit;\">Vous pouvez nous faire part de vos communications concernant les exigences d\u2019accessibilit\u00e9 (article 10.2.a) du D\u00e9cret royal 1112\/2018 du 7 septembre), notamment&nbsp;:<\/span><\/p>\n<p>Signaler tout cas de non-conformit\u00e9 de ce site web.<\/p>\n<p>Signaler toute autre difficult\u00e9 d\u2019acc\u00e8s au contenu.<\/p>\n<p>Soumettre toute autre question ou suggestion d\u2019am\u00e9lioration relative \u00e0 l\u2019accessibilit\u00e9 du site web.<\/p>\n<p>Par les moyens suivants&nbsp;:<\/p>\n<p>Courriel&nbsp;: davidmalva13@hotmail.com<\/p>\n<p>T\u00e9l\u00e9phone&nbsp;: +34&nbsp;964&nbsp;41&nbsp;31&nbsp;05<\/p>\n<p>PROC\u00c9DURE DE DEMANDE<br><span style=\"font-style: inherit; font-weight: inherit;\">Cette proc\u00e9dure vous permet de d\u00e9poser une r\u00e9clamation afin de conna\u00eetre et de contester les motifs du refus d\u2019une demande d\u2019acc\u00e8s \u00e0 l\u2019information ou d\u2019une plainte, de demander la mise en \u0153uvre de mesures appropri\u00e9es si vous n\u2019\u00eates pas d\u2019accord avec la d\u00e9cision, ou d\u2019expliquer pourquoi vous estimez que la r\u00e9ponse n\u2019est pas conforme aux normes requises.<\/span><\/p>\n<p><b>CONTENU FACULTATIF<br><\/b>La version actuellement visible de ce site web date de juillet&nbsp;2025, et son niveau d\u2019accessibilit\u00e9 a \u00e9t\u00e9 \u00e9valu\u00e9 \u00e0 cette date.<\/p>\n<p>Parmi les mesures adopt\u00e9es pour faciliter l\u2019accessibilit\u00e9, on peut citer&nbsp;:<\/p>\n<p>L\u2019utilisation de textes alternatifs pour les images<\/p>\n<p>Les liens hypertextes fournissent des informations d\u00e9taill\u00e9es sur leur fonction ou leur destination<\/p>\n<p>L\u2019utilisation des normes W3C&nbsp;: XHTML&nbsp;1.0, CSS&nbsp;3.0, WAI&nbsp;AA.<\/p>\n<p>Vous pouvez consulter la page Mentions l\u00e9gales pour savoir pour quels navigateurs et versions ce site web est optimis\u00e9.<\/p>\t\t\t\t\t\t\t\t<\/div>\n\t\t\t\t\t<\/div>\n\t\t\t\t<\/div>\n\t\t\t\t<\/div>\n\t\t","protected":false},"excerpt":{"rendered":"<p>D\u00e9claration d&rsquo;accessibilit\u00e9 La soci\u00e9t\u00e9 DARAMAR 98 SL s&rsquo;engage \u00e0 rendre ses sites web accessibles conform\u00e9ment au D\u00e9cret Royal 1112\/2018 du [&hellip;]<\/p>\n","protected":false},"author":1,"featured_media":0,"parent":0,"menu_order":0,"comment_status":"closed","ping_status":"closed","template":"","meta":{"site-sidebar-layout":"no-sidebar","site-content-layout":"","ast-site-content-layout":"full-width-container","site-content-style":"default","site-sidebar-style":"default","ast-global-header-display":"","ast-banner-title-visibility":"","ast-main-header-display":"","ast-hfb-above-header-display":"","ast-hfb-below-header-display":"","ast-hfb-mobile-header-display":"","site-post-title":"disabled","ast-breadcrumbs-content":"","ast-featured-img":"disabled","footer-sml-layout":"","theme-transparent-header-meta":"default","adv-header-id-meta":"","stick-header-meta":"","header-above-stick-meta":"","header-main-stick-meta":"","header-below-stick-meta":"","astra-migrate-meta-layouts":"set","ast-page-background-enabled":"default","ast-page-background-meta":{"desktop":{"background-color":"var(--ast-global-color-5)","background-image":"","background-repeat":"repeat","background-position":"center center","background-size":"auto","background-attachment":"scroll","background-type":"","background-media":"","overlay-type":"","overlay-color":"","overlay-opacity":"","overlay-gradient":""},"tablet":{"background-color":"","background-image":"","background-repeat":"repeat","background-position":"center center","background-size":"auto","background-attachment":"scroll","background-type":"","background-media":"","overlay-type":"","overlay-color":"","overlay-opacity":"","overlay-gradient":""},"mobile":{"background-color":"","background-image":"","background-repeat":"repeat","background-position":"center center","background-size":"auto","background-attachment":"scroll","background-type":"","background-media":"","overlay-type":"","overlay-color":"","overlay-opacity":"","overlay-gradient":""}},"ast-content-background-meta":{"desktop":{"background-color":"var(--ast-global-color-4)","background-image":"","background-repeat":"repeat","background-position":"center center","background-size":"auto","background-attachment":"scroll","background-type":"","background-media":"","overlay-type":"","overlay-color":"","overlay-opacity":"","overlay-gradient":""},"tablet":{"background-color":"var(--ast-global-color-4)","background-image":"","background-repeat":"repeat","background-position":"center center","background-size":"auto","background-attachment":"scroll","background-type":"","background-media":"","overlay-type":"","overlay-color":"","overlay-opacity":"","overlay-gradient":""},"mobile":{"background-color":"var(--ast-global-color-4)","background-image":"","background-repeat":"repeat","background-position":"center center","background-size":"auto","background-attachment":"scroll","background-type":"","background-media":"","overlay-type":"","overlay-color":"","overlay-opacity":"","overlay-gradient":""}},"footnotes":""},"class_list":["post-400","page","type-page","status-publish","hentry"],"yoast_head":"<!-- This site is optimized with the Yoast SEO plugin v26.3 - https:\/\/yoast.com\/wordpress\/plugins\/seo\/ -->\n<title>D\u00e9claration d&#039;accessibilit\u00e9 - Restaurante La Tropicana<\/title>\n<meta name=\"robots\" content=\"index, follow, max-snippet:-1, max-image-preview:large, max-video-preview:-1\" \/>\n<link rel=\"canonical\" href=\"https:\/\/campinglatropicana.com\/fr\/declaracion-de-accesibilidad\/\" \/>\n<meta property=\"og:locale\" content=\"fr_FR\" \/>\n<meta property=\"og:type\" content=\"article\" \/>\n<meta property=\"og:title\" content=\"D\u00e9claration d&#039;accessibilit\u00e9 - Restaurante La Tropicana\" \/>\n<meta property=\"og:description\" content=\"D\u00e9claration d&rsquo;accessibilit\u00e9 La soci\u00e9t\u00e9 DARAMAR 98 SL s&rsquo;engage \u00e0 rendre ses sites web accessibles conform\u00e9ment au D\u00e9cret Royal 1112\/2018 du [&hellip;]\" \/>\n<meta property=\"og:url\" content=\"https:\/\/campinglatropicana.com\/fr\/declaracion-de-accesibilidad\/\" \/>\n<meta property=\"og:site_name\" content=\"Restaurante La Tropicana\" \/>\n<meta property=\"article:modified_time\" content=\"2025-11-14T10:12:57+00:00\" \/>\n<meta name=\"twitter:card\" content=\"summary_large_image\" \/>\n<meta name=\"twitter:label1\" content=\"Dur\u00e9e de lecture estim\u00e9e\" \/>\n\t<meta name=\"twitter:data1\" content=\"2 minutes\" \/>\n<script type=\"application\/ld+json\" class=\"yoast-schema-graph\">{\"@context\":\"https:\/\/schema.org\",\"@graph\":[{\"@type\":\"WebPage\",\"@id\":\"https:\/\/campinglatropicana.com\/fr\/declaracion-de-accesibilidad\/\",\"url\":\"https:\/\/campinglatropicana.com\/fr\/declaracion-de-accesibilidad\/\",\"name\":\"D\u00e9claration d'accessibilit\u00e9 - Restaurante La Tropicana\",\"isPartOf\":{\"@id\":\"https:\/\/campinglatropicana.com\/#website\"},\"datePublished\":\"2025-06-30T09:28:40+00:00\",\"dateModified\":\"2025-11-14T10:12:57+00:00\",\"breadcrumb\":{\"@id\":\"https:\/\/campinglatropicana.com\/fr\/declaracion-de-accesibilidad\/#breadcrumb\"},\"inLanguage\":\"fr-FR\",\"potentialAction\":[{\"@type\":\"ReadAction\",\"target\":[\"https:\/\/campinglatropicana.com\/fr\/declaracion-de-accesibilidad\/\"]}]},{\"@type\":\"BreadcrumbList\",\"@id\":\"https:\/\/campinglatropicana.com\/fr\/declaracion-de-accesibilidad\/#breadcrumb\",\"itemListElement\":[{\"@type\":\"ListItem\",\"position\":1,\"name\":\"Portada\",\"item\":\"https:\/\/campinglatropicana.com\/fr\/accueil\/\"},{\"@type\":\"ListItem\",\"position\":2,\"name\":\"D\u00e9claration d&#8217;accessibilit\u00e9\"}]},{\"@type\":\"WebSite\",\"@id\":\"https:\/\/campinglatropicana.com\/#website\",\"url\":\"https:\/\/campinglatropicana.com\/\",\"name\":\"Restaurante La Tropicana\",\"description\":\"\",\"publisher\":{\"@id\":\"https:\/\/campinglatropicana.com\/#organization\"},\"potentialAction\":[{\"@type\":\"SearchAction\",\"target\":{\"@type\":\"EntryPoint\",\"urlTemplate\":\"https:\/\/campinglatropicana.com\/?s={search_term_string}\"},\"query-input\":{\"@type\":\"PropertyValueSpecification\",\"valueRequired\":true,\"valueName\":\"search_term_string\"}}],\"inLanguage\":\"fr-FR\"},{\"@type\":\"Organization\",\"@id\":\"https:\/\/campinglatropicana.com\/#organization\",\"name\":\"Restaurante La Tropicana\",\"url\":\"https:\/\/campinglatropicana.com\/\",\"logo\":{\"@type\":\"ImageObject\",\"inLanguage\":\"fr-FR\",\"@id\":\"https:\/\/campinglatropicana.com\/#\/schema\/logo\/image\/\",\"url\":\"https:\/\/campinglatropicana.com\/wp-content\/uploads\/2025\/11\/cropped-RESTAURANTE_LA_TROPICANA-removebg-preview.png\",\"contentUrl\":\"https:\/\/campinglatropicana.com\/wp-content\/uploads\/2025\/11\/cropped-RESTAURANTE_LA_TROPICANA-removebg-preview.png\",\"width\":512,\"height\":512,\"caption\":\"Restaurante La Tropicana\"},\"image\":{\"@id\":\"https:\/\/campinglatropicana.com\/#\/schema\/logo\/image\/\"}}]}<\/script>\n<!-- \/ Yoast SEO plugin. -->","yoast_head_json":{"title":"D\u00e9claration d'accessibilit\u00e9 - Restaurante La Tropicana","robots":{"index":"index","follow":"follow","max-snippet":"max-snippet:-1","max-image-preview":"max-image-preview:large","max-video-preview":"max-video-preview:-1"},"canonical":"https:\/\/campinglatropicana.com\/fr\/declaracion-de-accesibilidad\/","og_locale":"fr_FR","og_type":"article","og_title":"D\u00e9claration d'accessibilit\u00e9 - Restaurante La Tropicana","og_description":"D\u00e9claration d&rsquo;accessibilit\u00e9 La soci\u00e9t\u00e9 DARAMAR 98 SL s&rsquo;engage \u00e0 rendre ses sites web accessibles conform\u00e9ment au D\u00e9cret Royal 1112\/2018 du [&hellip;]","og_url":"https:\/\/campinglatropicana.com\/fr\/declaracion-de-accesibilidad\/","og_site_name":"Restaurante La Tropicana","article_modified_time":"2025-11-14T10:12:57+00:00","twitter_card":"summary_large_image","twitter_misc":{"Dur\u00e9e de lecture estim\u00e9e":"2 minutes"},"schema":{"@context":"https:\/\/schema.org","@graph":[{"@type":"WebPage","@id":"https:\/\/campinglatropicana.com\/fr\/declaracion-de-accesibilidad\/","url":"https:\/\/campinglatropicana.com\/fr\/declaracion-de-accesibilidad\/","name":"D\u00e9claration d'accessibilit\u00e9 - Restaurante La Tropicana","isPartOf":{"@id":"https:\/\/campinglatropicana.com\/#website"},"datePublished":"2025-06-30T09:28:40+00:00","dateModified":"2025-11-14T10:12:57+00:00","breadcrumb":{"@id":"https:\/\/campinglatropicana.com\/fr\/declaracion-de-accesibilidad\/#breadcrumb"},"inLanguage":"fr-FR","potentialAction":[{"@type":"ReadAction","target":["https:\/\/campinglatropicana.com\/fr\/declaracion-de-accesibilidad\/"]}]},{"@type":"BreadcrumbList","@id":"https:\/\/campinglatropicana.com\/fr\/declaracion-de-accesibilidad\/#breadcrumb","itemListElement":[{"@type":"ListItem","position":1,"name":"Portada","item":"https:\/\/campinglatropicana.com\/fr\/accueil\/"},{"@type":"ListItem","position":2,"name":"D\u00e9claration d&#8217;accessibilit\u00e9"}]},{"@type":"WebSite","@id":"https:\/\/campinglatropicana.com\/#website","url":"https:\/\/campinglatropicana.com\/","name":"Restaurante La Tropicana","description":"","publisher":{"@id":"https:\/\/campinglatropicana.com\/#organization"},"potentialAction":[{"@type":"SearchAction","target":{"@type":"EntryPoint","urlTemplate":"https:\/\/campinglatropicana.com\/?s={search_term_string}"},"query-input":{"@type":"PropertyValueSpecification","valueRequired":true,"valueName":"search_term_string"}}],"inLanguage":"fr-FR"},{"@type":"Organization","@id":"https:\/\/campinglatropicana.com\/#organization","name":"Restaurante La Tropicana","url":"https:\/\/campinglatropicana.com\/","logo":{"@type":"ImageObject","inLanguage":"fr-FR","@id":"https:\/\/campinglatropicana.com\/#\/schema\/logo\/image\/","url":"https:\/\/campinglatropicana.com\/wp-content\/uploads\/2025\/11\/cropped-RESTAURANTE_LA_TROPICANA-removebg-preview.png","contentUrl":"https:\/\/campinglatropicana.com\/wp-content\/uploads\/2025\/11\/cropped-RESTAURANTE_LA_TROPICANA-removebg-preview.png","width":512,"height":512,"caption":"Restaurante La Tropicana"},"image":{"@id":"https:\/\/campinglatropicana.com\/#\/schema\/logo\/image\/"}}]}},"_links":{"self":[{"href":"https:\/\/campinglatropicana.com\/fr\/wp-json\/wp\/v2\/pages\/400","targetHints":{"allow":["GET"]}}],"collection":[{"href":"https:\/\/campinglatropicana.com\/fr\/wp-json\/wp\/v2\/pages"}],"about":[{"href":"https:\/\/campinglatropicana.com\/fr\/wp-json\/wp\/v2\/types\/page"}],"author":[{"embeddable":true,"href":"https:\/\/campinglatropicana.com\/fr\/wp-json\/wp\/v2\/users\/1"}],"replies":[{"embeddable":true,"href":"https:\/\/campinglatropicana.com\/fr\/wp-json\/wp\/v2\/comments?post=400"}],"version-history":[{"count":4,"href":"https:\/\/campinglatropicana.com\/fr\/wp-json\/wp\/v2\/pages\/400\/revisions"}],"predecessor-version":[{"id":409,"href":"https:\/\/campinglatropicana.com\/fr\/wp-json\/wp\/v2\/pages\/400\/revisions\/409"}],"wp:attachment":[{"href":"https:\/\/campinglatropicana.com\/fr\/wp-json\/wp\/v2\/media?parent=400"}],"curies":[{"name":"wp","href":"https:\/\/api.w.org\/{rel}","templated":true}]}}